{"id":7962,"date":"2016-02-22T14:52:50","date_gmt":"2016-02-22T13:52:50","guid":{"rendered":"https:\/\/miniature.pintxos.eus\/miniature-2014\/"},"modified":"2025-09-01T13:52:31","modified_gmt":"2025-09-01T11:52:31","slug":"miniature-2014","status":"publish","type":"page","link":"https:\/\/miniature.pintxos.eus\/eu\/miniature-2014\/","title":{"rendered":"Miniature 2014"},"content":{"rendered":"<p>[vc_row][vc_column][dt_fancy_title title=&#8221;MINIATURE PINTXOS CONGRESS 2014&#8243; title_align=&#8221;left&#8221; title_size=&#8221;h3&#8243; title_color=&#8221;accent&#8221; separator_style=&#8221;double&#8221; separator_color=&#8221;custom&#8221; custom_separator_color=&#8221;#000000&#8243;][vc_empty_space][vc_row_inner][vc_column_inner width=&#8221;1\/2&#8243;][dt_photos_masonry padding=&#8221;2&#8243; column_width=&#8221;270&#8243; proportion=&#8221;1:1&#8243; number=&#8221;120&#8243; category=&#8221;edicion-2014&#8243;][\/vc_column_inner][vc_column_inner width=&#8221;1\/2&#8243;][vc_column_text]MINIATURE\u00a0tiene su origen en otro evento, Minimal,\u00a0que en\u00a0en el a\u00f1o 2014 nace con la vocaci\u00f3n de ser un congreso cercano y profesional para compartir conocimiento y mejorar a los cocineros y establecimientos de pintxos. En 2016 evoluciona hacia un concepto m\u00e1s trabajado y ambicioso.<\/p>\n<p>Los d\u00edas 24 y 25 de febrero de 2014 el Hotel Restaurante La Casa del Patr\u00f3n, en Murgia, se convirti\u00f3 en el centro de la alta gastronom\u00eda en miniatura, reuniendo a un centenar de profesionales de la cocina para aprender, degustar y debatir en las jornadas.<\/p>\n<p>Cocineros de primera l\u00ednea, destacados en los mejores cert\u00e1menes de la especialidad, formaron el plantel deponentes de esta primera edici\u00f3n.<\/p>\n<p>Bixente Mu\u00f1oz, Campe\u00f3n del Campeonato de Pintxos de Euskal Herria 2013; Igor Rodr\u00edguez, Subcampe\u00f3n en el Concurso Nacional de Tapas y Pinchos de Valladolid 2013; Yosune Men\u00e9ndez, Campeona de la Semana del Pintxo de \u00c1lava 2013; Carlos Nuez, Campe\u00f3n de Pintxos de Gipuzkoa 2013; Jes\u00fas I\u00f1igo, Campe\u00f3n de Pintxos de Navarra en 2013; y Roberto Art\u00edguez, Campe\u00f3n de Pintxos Bilbao\u00a0Bizkaia 2013, estuvieron en Murgia dando a conocer su cocina en el Congreso.<\/p>\n<p>Unos nombres a los que hay unir a chefs de reconocido prestigio como Josean Merino, Premio a la Mejor Barra de Pinchos y Tapas 2011; Darran Williamson, Campe\u00f3n de Euskal Herria 2009; y Rub\u00e9n Gonz\u00e1lez, Campe\u00f3n de Pintxos de \u00c1lava 1995, 2005 y 2007.<\/p>\n<p>El ponente Igor Rodr\u00edguez fue galardonado con el t\u00edtulo \u201cMaster of MINIMAL\u201d como reconocimiento de los congresistas por su pintxo \u201cRavioli de espinagada de anguila\u201d, el m\u00e1s votado en las jornadas.<\/p>\n<p>En la cena de clausura el Diputado de Agricultura, Borja Monje, se\u00f1alo que este tipo de iniciativas son muy importantes para el Territorio Hist\u00f3rico de \u00c1lava con productos variados y de calidad. Y Rub\u00e9n Rico, Teniente de Alcalde de Zuia, indic\u00f3 que estas jornadas servir\u00e1n para que los hosteleros de la zona ampl\u00eden y mejoren su oferta gastron\u00f3mica.<\/p>\n<p>Minimal\u00a0cont\u00f3 con el patrocinio y colaboraci\u00f3n del Ayuntamiento de Zuia, la Cuadrilla de Zuia, la Diputaci\u00f3n Foral de \u00c1lava, Basquetour, Araex-Spanish Fine Wines, Giraldo, Makro, S\u00e1enz Horeca, Solu, Artepan, Bragard, Caf\u00e9s La Brasile\u00f1a, Heineken y Hotel Hogar.[\/vc_column_text][\/vc_column_inner][\/vc_row_inner][\/vc_column][\/vc_row][vc_row][vc_column][vc_empty_space][\/vc_column][\/vc_row][vc_row][vc_column][vc_widget_sidebar sidebar_id=&#8221;sidebar_3&#8243;][\/vc_column][\/vc_row]<\/p>\n","protected":false},"excerpt":{"rendered":"<p>[vc_row][vc_column][dt_fancy_title title=&#8221;MINIATURE PINTXOS CONGRESS 2014&#8243; title_align=&#8221;left&#8221; title_size=&#8221;h3&#8243; title_color=&#8221;accent&#8221; separator_style=&#8221;double&#8221; separator_color=&#8221;custom&#8221; custom_separator_color=&#8221;#000000&#8243;][vc_empty_space][vc_row_inner][vc_column_inner width=&#8221;1\/2&#8243;][dt_photos_masonry padding=&#8221;2&#8243; column_width=&#8221;270&#8243; proportion=&#8221;1:1&#8243; number=&#8221;120&#8243; category=&#8221;edicion-2014&#8243;][\/vc_column_inner][vc_column_inner width=&#8221;1\/2&#8243;][vc_column_text]MINIATURE\u00a0tiene su origen en otro evento, Minimal,\u00a0que en\u00a0en el a\u00f1o 2014 nace con la vocaci\u00f3n de ser un congreso cercano y profesional para compartir conocimiento y mejorar a los cocineros y establecimientos de pintxos. En 2016 evoluciona hacia [&hellip;]<\/p>\n","protected":false},"author":4,"featured_media":0,"parent":0,"menu_order":0,"comment_status":"closed","ping_status":"closed","template":"","meta":{"footnotes":""},"class_list":["post-7962","page","type-page","status-publish","hentry"],"_links":{"self":[{"href":"https:\/\/miniature.pintxos.eus\/eu\/wp-json\/wp\/v2\/pages\/7962","targetHints":{"allow":["GET"]}}],"collection":[{"href":"https:\/\/miniature.pintxos.eus\/eu\/wp-json\/wp\/v2\/pages"}],"about":[{"href":"https:\/\/miniature.pintxos.eus\/eu\/wp-json\/wp\/v2\/types\/page"}],"author":[{"embeddable":true,"href":"https:\/\/miniature.pintxos.eus\/eu\/wp-json\/wp\/v2\/users\/4"}],"replies":[{"embeddable":true,"href":"https:\/\/miniature.pintxos.eus\/eu\/wp-json\/wp\/v2\/comments?post=7962"}],"version-history":[{"count":1,"href":"https:\/\/miniature.pintxos.eus\/eu\/wp-json\/wp\/v2\/pages\/7962\/revisions"}],"predecessor-version":[{"id":7963,"href":"https:\/\/miniature.pintxos.eus\/eu\/wp-json\/wp\/v2\/pages\/7962\/revisions\/7963"}],"wp:attachment":[{"href":"https:\/\/miniature.pintxos.eus\/eu\/wp-json\/wp\/v2\/media?parent=7962"}],"curies":[{"name":"wp","href":"https:\/\/api.w.org\/{rel}","templated":true}]}}