{"id":7960,"date":"2016-02-22T14:55:57","date_gmt":"2016-02-22T13:55:57","guid":{"rendered":"https:\/\/miniature.pintxos.eus\/miniature-2015\/"},"modified":"2025-09-01T13:51:22","modified_gmt":"2025-09-01T11:51:22","slug":"miniature-2015","status":"publish","type":"page","link":"https:\/\/miniature.pintxos.eus\/eu\/miniature-2015\/","title":{"rendered":"Miniature 2015"},"content":{"rendered":"<p>[vc_row][vc_column][dt_fancy_title title=&#8221;MINIATURE PINTXOS CONGRESS 2015&#8243; title_align=&#8221;left&#8221; title_size=&#8221;h3&#8243; title_color=&#8221;accent&#8221; separator_style=&#8221;double&#8221; separator_color=&#8221;custom&#8221; custom_separator_color=&#8221;#000000&#8243;][vc_empty_space][vc_row_inner][vc_column_inner width=&#8221;1\/2&#8243;][dt_photos_masonry padding=&#8221;2&#8243; column_width=&#8221;270&#8243; proportion=&#8221;1:1&#8243; number=&#8221;120&#8243; category=&#8221;edicion-2015&#8243;][\/vc_column_inner][vc_column_inner width=&#8221;1\/2&#8243;][vc_column_text]La segunda edici\u00f3n Minimal, \u00a0Jornadas de Alta Gastronom\u00eda en Miniatura se celebraron el 2 y 3 de marzo de 2015 en Murgia, uniendo formaci\u00f3n, cocina y showcooking para un centenar de congresistas llegados desde Barcelona, Orense, Huelva, Alicante o Sevilla y muchos desde todos los rincones del Pa\u00eds Vasco y Navarra.<\/p>\n<p>Fue igualmente destacable la participaci\u00f3n y el \u00e9xito de la parte no profesional de Minimal, con la\u00a0versi\u00f3n Junior de las Jornadas, celebrada el domingo 1 de marzo, donde ni\u00f1os mayores de 8 a\u00f1os cocinaron con maestros como\u00a0Mikel Fiestras\u00a0del restaurante La Huerta de Vitoria-Gasteiz, \u00a0Julius Bienert de Canal Cocina y\u00a0Rub\u00e9n Gonz\u00e1lez, chef de La Casa del Patr\u00f3n de Murgia. Tambi\u00e9n fue un \u00e9xito de p\u00fablico la cena degustaci\u00f3n del domingo, abierta a todo el p\u00fablico, donde cien asistentes saborearon los mejores pintxos del 2014 preparados por algunos de los maestros de las ponencias.<\/p>\n<p>Entre los hitos m\u00e1s emocionantes de las jornadas destacaron el\u00a0homenaje al chef gasteiztarra Diego Guerrero, cocinero de admirable trayectoria, reconocido con dos estrellas Michelin en su anterior etapa al frente de la cocina del Club Allard de Madrid, y actualmente propietario y chef del nuevo restaurante DSTAgE de Madrid.<\/p>\n<p>Tambi\u00e9n fue emotiva la entrega del\u00a0premio al mejor pintxo de las jornadas para Jes\u00fas I\u00f1igo del restaurante \u00c1baco de Huarte\u00a0(Navarra) por su Sardina de Roca, bocado ganador del Campeonato de Pintxos de Euskal Herria en 2014. Entre los momentos m\u00e1s informales, llamaron la atenci\u00f3n la presencia y las intervenciones de invitados muy especiales como los \u201cconquistadores\u201d\u00a0Juanito Oyarzabal y Jos\u00e9 Luis Korta, y del inimitable\u00a0Karlos Argui\u00f1ano, invitado de honor en la cena de clausura que tuvo lugar el martes 3 de marzo.<\/p>\n<p>Los ponentes de esta edici\u00f3n de Minimal fueron los ganadores de los cert\u00e1menes de pintxos m\u00e1s importantes del panorama gastron\u00f3mico o con un curriculum de reconocido prestigio. Mitxel Su\u00e1rez\u00a0(Asador Borda-Berri, Hueto),\u00a0\u00a0Igor Rodr\u00edguez\u00a0(Bite, Mallorca);\u00a0Pascal Etcheverria\u00a0(Zokomoko, San Juan de Luz);\u00a0Helena Rodr\u00ed\u00adguez\u00a0(Goizeko Kabi, Madrid);\u00a0Juan Antonio G\u00f3mez(Hotel Villa de Laguardia);\u00a0Jes\u00fas I\u00f1igo\u00a0(\u00c1baco, Huarte),\u00a0Koldo e I\u00f1igo Kortabitarte\u00a0(Kobika, Durango);\u00a0Jos\u00e9 Ignacio Castrodeza(Villa Paramesa, Valladolid);\u00a0Alex M\u00fagica\u00a0(La Cocina de \u00c1lex M\u00fagi\u00adca, Pamplona) Rub\u00e9n Gonz\u00e1lez (La Casa del Patr\u00f3n) estuvieron en Murgia.<\/p>\n<p>MINIMAL cont\u00f3 con el patrocinio y colaboraci\u00f3n la Cuadrilla de Zuia, la Diputaci\u00f3n Foral de \u00c1lava, Basquetour, Casa Brigitte, Estrella Damm, Araex-Spanish Fine Wines, Makro, Artepan, Bragard, Caf\u00e9s La Brasile\u00f1a, Coca Cola y Hotel Hogar.[\/vc_column_text][\/vc_column_inner][\/vc_row_inner][\/vc_column][\/vc_row][vc_row][vc_column][vc_empty_space][\/vc_column][\/vc_row][vc_row][vc_column][vc_widget_sidebar sidebar_id=&#8221;sidebar_3&#8243;][\/vc_column][\/vc_row]<\/p>\n","protected":false},"excerpt":{"rendered":"<p>[vc_row][vc_column][dt_fancy_title title=&#8221;MINIATURE PINTXOS CONGRESS 2015&#8243; title_align=&#8221;left&#8221; title_size=&#8221;h3&#8243; title_color=&#8221;accent&#8221; separator_style=&#8221;double&#8221; separator_color=&#8221;custom&#8221; custom_separator_color=&#8221;#000000&#8243;][vc_empty_space][vc_row_inner][vc_column_inner width=&#8221;1\/2&#8243;][dt_photos_masonry padding=&#8221;2&#8243; column_width=&#8221;270&#8243; proportion=&#8221;1:1&#8243; number=&#8221;120&#8243; category=&#8221;edicion-2015&#8243;][\/vc_column_inner][vc_column_inner width=&#8221;1\/2&#8243;][vc_column_text]La segunda edici\u00f3n Minimal, \u00a0Jornadas de Alta Gastronom\u00eda en Miniatura se celebraron el 2 y 3 de marzo de 2015 en Murgia, uniendo formaci\u00f3n, cocina y showcooking para un centenar de congresistas llegados desde Barcelona, Orense, Huelva, Alicante [&hellip;]<\/p>\n","protected":false},"author":4,"featured_media":0,"parent":0,"menu_order":0,"comment_status":"closed","ping_status":"closed","template":"","meta":{"footnotes":""},"class_list":["post-7960","page","type-page","status-publish","hentry"],"_links":{"self":[{"href":"https:\/\/miniature.pintxos.eus\/eu\/wp-json\/wp\/v2\/pages\/7960","targetHints":{"allow":["GET"]}}],"collection":[{"href":"https:\/\/miniature.pintxos.eus\/eu\/wp-json\/wp\/v2\/pages"}],"about":[{"href":"https:\/\/miniature.pintxos.eus\/eu\/wp-json\/wp\/v2\/types\/page"}],"author":[{"embeddable":true,"href":"https:\/\/miniature.pintxos.eus\/eu\/wp-json\/wp\/v2\/users\/4"}],"replies":[{"embeddable":true,"href":"https:\/\/miniature.pintxos.eus\/eu\/wp-json\/wp\/v2\/comments?post=7960"}],"version-history":[{"count":1,"href":"https:\/\/miniature.pintxos.eus\/eu\/wp-json\/wp\/v2\/pages\/7960\/revisions"}],"predecessor-version":[{"id":7961,"href":"https:\/\/miniature.pintxos.eus\/eu\/wp-json\/wp\/v2\/pages\/7960\/revisions\/7961"}],"wp:attachment":[{"href":"https:\/\/miniature.pintxos.eus\/eu\/wp-json\/wp\/v2\/media?parent=7960"}],"curies":[{"name":"wp","href":"https:\/\/api.w.org\/{rel}","templated":true}]}}