{"id":7958,"date":"2016-02-19T09:21:33","date_gmt":"2016-02-19T08:21:33","guid":{"rendered":"https:\/\/miniature.pintxos.eus\/miniature-2016\/"},"modified":"2016-02-19T09:21:33","modified_gmt":"2016-02-19T08:21:33","slug":"miniature-2016","status":"publish","type":"page","link":"https:\/\/miniature.pintxos.eus\/eu\/miniature-2016\/","title":{"rendered":"Miniature 2016"},"content":{"rendered":"<p>[vc_row][vc_column][dt_fancy_title title=&#8221;MINIATURE PINTXOS CONGRESS 2016&#8243; title_align=&#8221;left&#8221; title_size=&#8221;h3&#8243; title_color=&#8221;accent&#8221; separator_style=&#8221;double&#8221; separator_color=&#8221;custom&#8221;][vc_empty_space][vc_row_inner][vc_column_inner width=&#8221;1\/4&#8243;][vc_column_text]ASI FUE<\/p>\n<p>Miniature Pintxos Congress 2016 centr\u00f3 en Murg\u00eda iniciativas principalmente profesional con las ponencias, demostraciones t\u00e9cnicas y cenas experienciales que abarcaron tres jornadas.<\/p>\n<p>Y tambi\u00e9n popular, como Miniature Kids, con m\u00e1s de doscientos ni\u00f1os cocinando, y Pintxo Herrian, una muestra con diez de los mejores chefs de pintxos de Euskadi y Navarra.[\/vc_column_text][\/vc_column_inner][vc_column_inner width=&#8221;3\/4&#8243;][vc_column_text]<iframe src=\"https:\/\/www.youtube.com\/embed\/T1z0YKP7fzU?rel=0\" width=\"1000\" height=\"490\" frameborder=\"0\" allowfullscreen=\"allowfullscreen\"><\/iframe>[\/vc_column_text][\/vc_column_inner][\/vc_row_inner][vc_empty_space][\/vc_column][\/vc_row][vc_row][vc_column width=&#8221;1\/2&#8243;][vc_empty_space][dt_fancy_title title=&#8221;PINTXO HERRIAN&#8221; title_align=&#8221;left&#8221; title_size=&#8221;h3&#8243; title_color=&#8221;accent&#8221; separator_style=&#8221;double&#8221; separator_color=&#8221;custom&#8221;][vc_empty_space][\/vc_column][vc_column width=&#8221;1\/2&#8243;][vc_empty_space][dt_fancy_title title=&#8221;MINIATURE KIDS&#8221; title_align=&#8221;left&#8221; title_size=&#8221;h3&#8243; title_color=&#8221;accent&#8221; separator_style=&#8221;double&#8221; separator_color=&#8221;custom&#8221;][vc_empty_space][\/vc_column][\/vc_row][vc_row][vc_column width=&#8221;1\/2&#8243;][vc_column_text]<iframe src=\"https:\/\/www.youtube.com\/embed\/o7rtZ7BqWm0?rel=0\" width=\"560\" height=\"315\" frameborder=\"0\" allowfullscreen=\"allowfullscreen\"><\/iframe>[\/vc_column_text][\/vc_column][vc_column width=&#8221;1\/2&#8243;][vc_column_text]<iframe src=\"https:\/\/www.youtube.com\/embed\/mu9WaWb47S8?rel=0\" width=\"560\" height=\"315\" frameborder=\"0\" allowfullscreen=\"allowfullscreen\"><\/iframe>[\/vc_column_text][\/vc_column][\/vc_row][vc_row][vc_column][vc_empty_space][\/vc_column][\/vc_row][vc_row][vc_column][vc_empty_space][dt_fancy_title title=&#8221;LOS PONENTES 2016&#8243; title_align=&#8221;left&#8221; title_size=&#8221;h3&#8243; title_color=&#8221;accent&#8221; separator_style=&#8221;double&#8221; separator_color=&#8221;custom&#8221;][vc_empty_space][\/vc_column][\/vc_row][vc_row][vc_column width=&#8221;1\/2&#8243;][dt_fancy_title title=&#8221;ABIGAIL Y RUFINA MENDOZA \u00b7 RTE. TLAMANALLI \u00b7 TEOTITL\u00c1N&#8221; title_align=&#8221;left&#8221; title_size=&#8221;h5&#8243; title_color=&#8221;accent&#8221; separator_style=&#8221;double&#8221; separator_color=&#8221;custom&#8221;][vc_empty_space][vc_video link=&#8221;https:\/\/youtu.be\/6ExVEN2MhlE&#8221;][\/vc_column][vc_column width=&#8221;1\/2&#8243;][dt_fancy_title title=&#8221;FERNANDO SU\u00c1REZ \u00b7 GRATE &amp; DELLASERA \u00b7 LOGRO\u00d1O&#8221; title_align=&#8221;left&#8221; title_size=&#8221;h5&#8243; title_color=&#8221;accent&#8221; separator_style=&#8221;double&#8221; separator_color=&#8221;custom&#8221;][vc_empty_space][vc_video link=&#8221;https:\/\/youtu.be\/LDyCPo9jLOg&#8221;][\/vc_column][\/vc_row][vc_row][vc_column width=&#8221;1\/2&#8243;][vc_empty_space][dt_fancy_title title=&#8221;PACO M\u00c9NDEZ \u00b7 HOJA SANTA \u00b7 BARCELONA&#8221; title_align=&#8221;left&#8221; title_size=&#8221;h5&#8243; title_color=&#8221;accent&#8221; separator_style=&#8221;double&#8221; separator_color=&#8221;custom&#8221;][dt_fancy_title title=&#8221;ROBERTO RUIZ \u00b7 PUNTO MX \u00b7 MADRID&#8221; title_align=&#8221;left&#8221; title_size=&#8221;h5&#8243; title_color=&#8221;accent&#8221; separator_style=&#8221;double&#8221; separator_color=&#8221;custom&#8221;][dt_fancy_title title=&#8221;ENRIQUE FLEISCHMANN \u00b7 BAILARA \u00b7 GIPUZKOA&#8221; title_align=&#8221;left&#8221; title_size=&#8221;h5&#8243; title_color=&#8221;accent&#8221; separator_style=&#8221;double&#8221; separator_color=&#8221;custom&#8221;][vc_empty_space][vc_video link=&#8221;https:\/\/youtu.be\/mO1D24yHtog &#8220;][\/vc_column][vc_column width=&#8221;1\/2&#8243;][vc_empty_space][dt_fancy_title title=&#8221;KARLOS ARGUI\u00d1ANO&#8221; title_align=&#8221;left&#8221; title_size=&#8221;h5&#8243; title_color=&#8221;accent&#8221; separator_style=&#8221;double&#8221; separator_color=&#8221;custom&#8221;][dt_fancy_title title=&#8221;RAM\u00d3N ROTETA&#8221; title_align=&#8221;left&#8221; title_size=&#8221;h5&#8243; title_color=&#8221;accent&#8221; separator_style=&#8221;double&#8221; separator_color=&#8221;custom&#8221;][dt_fancy_title title=&#8221;GONZALO ANT\u00d3N&#8221; title_align=&#8221;left&#8221; title_size=&#8221;h5&#8243; title_color=&#8221;accent&#8221; separator_style=&#8221;double&#8221; separator_color=&#8221;custom&#8221;][vc_empty_space][vc_video link=&#8221;https:\/\/youtu.be\/ZFe4M6V5ff0&#8243;][\/vc_column][\/vc_row][vc_row][vc_column width=&#8221;1\/3&#8243;][vc_empty_space][dt_fancy_title title=&#8221;TAKAHIRO KOSHIHARA \u00b7 RTE. IKKON \u00b7 ISHIKAWA&#8221; title_align=&#8221;left&#8221; title_size=&#8221;h6&#8243; title_color=&#8221;accent&#8221; separator_style=&#8221;double&#8221; separator_color=&#8221;custom&#8221;][vc_empty_space][vc_video link=&#8221;https:\/\/youtu.be\/rmYB0j3ZdfY&#8221;][\/vc_column][vc_column width=&#8221;1\/3&#8243;][vc_empty_space][dt_fancy_title title=&#8221;GORKA TXAPARTEGI \u00b7 ALAMEDA \u00b7 HONDARRIBIA&#8221; title_align=&#8221;left&#8221; title_size=&#8221;h6&#8243; title_color=&#8221;accent&#8221; separator_style=&#8221;double&#8221; separator_color=&#8221;custom&#8221;][vc_empty_space][vc_video link=&#8221;https:\/\/youtu.be\/fLzQD8756-I&#8221;][\/vc_column][vc_column width=&#8221;1\/3&#8243;][vc_empty_space][dt_fancy_title title=&#8221;TAKAFUMI ISHIURA \u00b7 RTE. ARROZ \u00b7 ISHIKAWA&#8221; title_align=&#8221;left&#8221; title_size=&#8221;h6&#8243; title_color=&#8221;accent&#8221; separator_style=&#8221;double&#8221; separator_color=&#8221;custom&#8221;][vc_empty_space][vc_video link=&#8221;https:\/\/youtu.be\/gF0z874Z29A&#8221;][\/vc_column][\/vc_row][vc_row][vc_column width=&#8221;1\/3&#8243;][vc_empty_space][dt_fancy_title title=&#8221;JOS\u00c9 MANUEL BA\u00d1OS \u00b7 RTE. PITIONA \u00b7 OAXACA \u00b7 M\u00c9XICO&#8221; title_align=&#8221;left&#8221; title_size=&#8221;h6&#8243; title_color=&#8221;accent&#8221; separator_style=&#8221;double&#8221; separator_color=&#8221;custom&#8221;][vc_empty_space][vc_video link=&#8221;https:\/\/youtu.be\/7NVS63iJHNs&#8221;][\/vc_column][vc_column width=&#8221;1\/3&#8243;][vc_empty_space][dt_fancy_title title=&#8221;ALEX M\u00daGICA \u00b7 LA COCINA DE ALEX M\u00daGICA \u00b7 PAMPLONA&#8221; title_align=&#8221;left&#8221; title_size=&#8221;h6&#8243; title_color=&#8221;accent&#8221; separator_style=&#8221;double&#8221; separator_color=&#8221;custom&#8221;][vc_empty_space][vc_video link=&#8221;https:\/\/youtu.be\/7KED53bj1QM&#8221;][\/vc_column][vc_column width=&#8221;1\/3&#8243;][vc_empty_space][dt_fancy_title title=&#8221;BENITO MOLINA Y SOLANGE MURIS \u00b7 RTE MANZANILLA \u00b7 ENSENADA&#8221; title_align=&#8221;left&#8221; title_size=&#8221;h6&#8243; title_color=&#8221;accent&#8221; separator_style=&#8221;double&#8221; separator_color=&#8221;custom&#8221;][vc_empty_space][vc_video link=&#8221;https:\/\/youtu.be\/Z18NLQ3pOlM&#8221;][\/vc_column][\/vc_row][vc_row][vc_column width=&#8221;1\/3&#8243;][vc_empty_space][dt_fancy_title title=&#8221;I\u00d1IGO Y KOLDO KORTABITARTE \u00b7 KOBIKA \u00b7 DURANGO&#8221; title_align=&#8221;left&#8221; title_size=&#8221;h6&#8243; title_color=&#8221;accent&#8221; separator_style=&#8221;double&#8221; separator_color=&#8221;custom&#8221;][vc_empty_space][vc_video link=&#8221;https:\/\/youtu.be\/8GiWbfbKmq0&#8243;][\/vc_column][vc_column width=&#8221;1\/3&#8243;][vc_empty_space][dt_fancy_title title=&#8221;DAVID RODR\u00cdGUEZ \u00b7 DANAKO \u00b7 IRUN&#8221; title_align=&#8221;left&#8221; title_size=&#8221;h6&#8243; title_color=&#8221;accent&#8221; separator_style=&#8221;double&#8221; separator_color=&#8221;custom&#8221;][vc_empty_space][vc_video link=&#8221;https:\/\/youtu.be\/MUoBXxWnvnw&#8221;][\/vc_column][vc_column width=&#8221;1\/3&#8243;][vc_empty_space][dt_fancy_title title=&#8221;JES\u00daS I\u00d1IGO Y NEREA SISTIAGA \u00b7 \u00c1BACO \u00b7 PAMPLONA&#8221; title_align=&#8221;left&#8221; title_size=&#8221;h6&#8243; title_color=&#8221;accent&#8221; separator_style=&#8221;double&#8221; separator_color=&#8221;custom&#8221;][vc_empty_space][vc_video link=&#8221;https:\/\/youtu.be\/uPkjambPblY&#8221;][\/vc_column][\/vc_row][vc_row][vc_column width=&#8221;1\/3&#8243;][vc_empty_space][dt_fancy_title title=&#8221;RA\u00daL GUERRERO Y PABLO SAN ROM\u00c1N \u00b7 M\u00c9XICO&#8221; title_align=&#8221;left&#8221; title_size=&#8221;h6&#8243; title_color=&#8221;accent&#8221; separator_style=&#8221;double&#8221; separator_color=&#8221;custom&#8221;][vc_empty_space][vc_video link=&#8221;https:\/\/youtu.be\/11CcoOYTd2s&#8221;][\/vc_column][vc_column width=&#8221;1\/3&#8243;][vc_empty_space][dt_fancy_title title=&#8221;RUB\u00c9N GONZ\u00c1LEZ \u00b7 LA CASA DEL PATR\u00d3N \u00b7 MURGIA&#8221; title_align=&#8221;left&#8221; title_size=&#8221;h6&#8243; title_color=&#8221;accent&#8221; separator_style=&#8221;double&#8221; separator_color=&#8221;custom&#8221;][vc_empty_space][vc_video link=&#8221;https:\/\/youtu.be\/223G55oiKVs&#8221;][\/vc_column][vc_column width=&#8221;1\/3&#8243;][vc_empty_space][dt_fancy_title title=&#8221;IGOR RODR\u00cdGUEZ \u00b7 BITE \u00b7 PALMA DE MALLORCA&#8221; title_align=&#8221;left&#8221; title_size=&#8221;h6&#8243; title_color=&#8221;accent&#8221; separator_style=&#8221;double&#8221; separator_color=&#8221;custom&#8221;][vc_empty_space][vc_video link=&#8221;https:\/\/youtu.be\/Yucm2FtCS2c&#8221;][\/vc_column][\/vc_row][vc_row][vc_column][vc_empty_space][dt_fancy_title title=&#8221;ENTREVISTAS 2016&#8243; title_align=&#8221;left&#8221; title_size=&#8221;h3&#8243; title_color=&#8221;accent&#8221; separator_style=&#8221;double&#8221; separator_color=&#8221;custom&#8221;][vc_empty_space][\/vc_column][\/vc_row][vc_row][vc_column width=&#8221;1\/2&#8243;][dt_fancy_title title=&#8221;ROBERTA LAJOUS \u00b7 EMBAJADORA DE M\u00c9XICO EN ESPA\u00d1A&#8221; title_align=&#8221;left&#8221; title_size=&#8221;h5&#8243; title_color=&#8221;accent&#8221; separator_style=&#8221;double&#8221; separator_color=&#8221;custom&#8221;][vc_empty_space][vc_video link=&#8221;https:\/\/youtu.be\/NEUV-WK_vEA&#8221;][vc_empty_space][\/vc_column][vc_column width=&#8221;1\/2&#8243;][dt_fancy_title title=&#8221;KARLOS ARGUI\u00d1ANO&#8221; title_align=&#8221;left&#8221; title_size=&#8221;h5&#8243; title_color=&#8221;accent&#8221; separator_style=&#8221;double&#8221; separator_color=&#8221;custom&#8221;][vc_empty_space][vc_video link=&#8221;https:\/\/youtu.be\/SAzDdbQj2ho&#8221;][vc_empty_space][\/vc_column][\/vc_row][vc_row][vc_column width=&#8221;2\/3&#8243;][dt_fancy_title title=&#8221;ABIGAIL Y RUFINA MENDOZA \u00b7 RTE. TLAMANALLI \u00b7 TEOTITL\u00c1N&#8221; title_align=&#8221;left&#8221; title_size=&#8221;h5&#8243; title_color=&#8221;accent&#8221; separator_style=&#8221;double&#8221; separator_color=&#8221;custom&#8221;][vc_empty_space][vc_video link=&#8221;https:\/\/youtu.be\/fng1B6NWMzk&#8221;][\/vc_column][vc_column width=&#8221;1\/3&#8243;][dt_fancy_title title=&#8221;ENRIQUE FLEISCHMANN \u00b7 BAILARA \u00b7 BIDEGOIAN&#8221; title_align=&#8221;left&#8221; title_size=&#8221;h6&#8243; title_color=&#8221;accent&#8221; separator_style=&#8221;double&#8221; separator_color=&#8221;custom&#8221;][vc_empty_space][vc_video link=&#8221;https:\/\/youtu.be\/-cI57pYZvR0 &#8220;][dt_fancy_title title=&#8221;FERNANDO SU\u00c1REZ \u00b7 GRATE &amp; DELLASERA&#8221; title_align=&#8221;left&#8221; title_size=&#8221;h6&#8243; title_color=&#8221;accent&#8221; separator_style=&#8221;double&#8221; separator_color=&#8221;custom&#8221;][vc_video link=&#8221;https:\/\/youtu.be\/99jKsMc-Q-k&#8221;][\/vc_column][\/vc_row][vc_row][vc_column width=&#8221;1\/3&#8243;][vc_empty_space][dt_fancy_title title=&#8221;JOS\u00c9 MANUEL BA\u00d1OS \u00b7 RTE. PITIONA \u00b7 OAXACA&#8221; title_align=&#8221;left&#8221; title_size=&#8221;h6&#8243; title_color=&#8221;accent&#8221; separator_style=&#8221;double&#8221; separator_color=&#8221;custom&#8221;][vc_empty_space][vc_video link=&#8221;https:\/\/youtu.be\/Hsl2h3SxwEw&#8221;][\/vc_column][vc_column width=&#8221;1\/3&#8243;][vc_empty_space][dt_fancy_title title=&#8221;RUB\u00c9N GONZ\u00c1LEZ \u00b7 LA CASA DEL PATR\u00d3N \u00b7 MURGIA&#8221; title_align=&#8221;left&#8221; title_size=&#8221;h6&#8243; title_color=&#8221;accent&#8221; separator_style=&#8221;double&#8221; separator_color=&#8221;custom&#8221;][vc_empty_space][vc_video link=&#8221;https:\/\/youtu.be\/BpV1vhxC3PY&#8221;][\/vc_column][vc_column width=&#8221;1\/3&#8243;][vc_empty_space][dt_fancy_title title=&#8221;IGOR RODR\u00cdGUEZ \u00b7 BITE \u00b7 PALMA DE MALLORCA&#8221; title_align=&#8221;left&#8221; title_size=&#8221;h6&#8243; title_color=&#8221;accent&#8221; separator_style=&#8221;double&#8221; separator_color=&#8221;custom&#8221;][vc_empty_space][vc_video link=&#8221;https:\/\/youtu.be\/dMC-YP56ejQ&#8221;][\/vc_column][\/vc_row][vc_row][vc_column width=&#8221;1\/3&#8243;][vc_empty_space][dt_fancy_title title=&#8221;JES\u00daS I\u00d1IGO Y NEREA SISTIAGA \u00b7 \u00c1BACO \u00b7 PAMPLONA&#8221; title_align=&#8221;left&#8221; title_size=&#8221;h6&#8243; title_color=&#8221;accent&#8221; separator_style=&#8221;double&#8221; separator_color=&#8221;custom&#8221;][vc_empty_space][vc_video link=&#8221;https:\/\/youtu.be\/pqCgh1QEQ78&#8243;][\/vc_column][vc_column width=&#8221;1\/3&#8243;][vc_empty_space][dt_fancy_title title=&#8221;GORKA TXAPARTEGI \u00b7 ALAMEDA \u00b7 HONDARRIBIA&#8221; title_align=&#8221;left&#8221; title_size=&#8221;h6&#8243; title_color=&#8221;accent&#8221; separator_style=&#8221;double&#8221; separator_color=&#8221;custom&#8221;][vc_empty_space][vc_video link=&#8221;https:\/\/youtu.be\/9C-NNvrLGmk&#8221;][\/vc_column][vc_column width=&#8221;1\/3&#8243;][vc_empty_space][dt_fancy_title title=&#8221;DAVID RODR\u00cdGUEZ \u00b7 DANAKO \u00b7 IRUN&#8221; title_align=&#8221;left&#8221; title_size=&#8221;h6&#8243; title_color=&#8221;accent&#8221; separator_style=&#8221;double&#8221; separator_color=&#8221;custom&#8221;][vc_empty_space][vc_video link=&#8221;https:\/\/youtu.be\/ZUb8lKpn4GI&#8221;][\/vc_column][\/vc_row][vc_row][vc_column][vc_empty_space][vc_widget_sidebar sidebar_id=&#8221;sidebar_3&#8243;][\/vc_column][\/vc_row]<\/p>\n","protected":false},"excerpt":{"rendered":"<p>[vc_row][vc_column][dt_fancy_title title=&#8221;MINIATURE PINTXOS CONGRESS 2016&#8243; title_align=&#8221;left&#8221; title_size=&#8221;h3&#8243; title_color=&#8221;accent&#8221; separator_style=&#8221;double&#8221; separator_color=&#8221;custom&#8221;][vc_empty_space][vc_row_inner][vc_column_inner width=&#8221;1\/4&#8243;][vc_column_text]ASI FUE Miniature Pintxos Congress 2016 centr\u00f3 en Murg\u00eda iniciativas principalmente profesional con las ponencias, demostraciones t\u00e9cnicas y cenas experienciales que abarcaron tres jornadas. Y tambi\u00e9n popular, como Miniature Kids, con m\u00e1s de doscientos ni\u00f1os cocinando, y Pintxo Herrian, una muestra con diez de los [&hellip;]<\/p>\n","protected":false},"author":4,"featured_media":0,"parent":0,"menu_order":0,"comment_status":"closed","ping_status":"closed","template":"","meta":{"footnotes":""},"class_list":["post-7958","page","type-page","status-publish","hentry"],"_links":{"self":[{"href":"https:\/\/miniature.pintxos.eus\/eu\/wp-json\/wp\/v2\/pages\/7958","targetHints":{"allow":["GET"]}}],"collection":[{"href":"https:\/\/miniature.pintxos.eus\/eu\/wp-json\/wp\/v2\/pages"}],"about":[{"href":"https:\/\/miniature.pintxos.eus\/eu\/wp-json\/wp\/v2\/types\/page"}],"author":[{"embeddable":true,"href":"https:\/\/miniature.pintxos.eus\/eu\/wp-json\/wp\/v2\/users\/4"}],"replies":[{"embeddable":true,"href":"https:\/\/miniature.pintxos.eus\/eu\/wp-json\/wp\/v2\/comments?post=7958"}],"version-history":[{"count":0,"href":"https:\/\/miniature.pintxos.eus\/eu\/wp-json\/wp\/v2\/pages\/7958\/revisions"}],"wp:attachment":[{"href":"https:\/\/miniature.pintxos.eus\/eu\/wp-json\/wp\/v2\/media?parent=7958"}],"curies":[{"name":"wp","href":"https:\/\/api.w.org\/{rel}","templated":true}]}}