{"id":7956,"date":"2017-05-18T10:26:30","date_gmt":"2017-05-18T08:26:30","guid":{"rendered":"https:\/\/miniature.pintxos.eus\/miniature-2017\/"},"modified":"2025-09-01T13:48:07","modified_gmt":"2025-09-01T11:48:07","slug":"miniature-2017","status":"publish","type":"page","link":"https:\/\/miniature.pintxos.eus\/eu\/miniature-2017\/","title":{"rendered":"Miniature 2017"},"content":{"rendered":"<p>[vc_row][vc_column][dt_fancy_title title=&#8221;MINIATURE PINTXOS CONGRESS 2017&#8243; title_align=&#8221;left&#8221; title_size=&#8221;h3&#8243; title_color=&#8221;accent&#8221; separator_style=&#8221;double&#8221; separator_color=&#8221;custom&#8221;][vc_empty_space][\/vc_column][\/vc_row][vc_row][vc_column width=&#8221;1\/3&#8243;][vc_column_text]Las cenas experienciales son parte esencial de MINIATURE Pintxos Congress y, cada a\u00f1o, se re\u00fanen en torno a la mesa congresistas, ponentes, patrocinadores e instituciones para disfrutar de lo mejor de los pintxos y de lo acontecido en las ponencias.<br \/>\nY cada a\u00f1o tambi\u00e9n, MINIATURE Pintxos Congress tributa un reconocimiento a personalidades significados del mundo de la cocina y la gastronom\u00eda. En esta edici\u00f3n de 2017, Juan Mari Arzak, que estuvo acompa\u00f1ado de Andoni Luis Ad\u00fariz, Ram\u00f3n Roteta y Gonzalo Ant\u00f3n, recibi\u00f3 el cari\u00f1o del congreso en la cena de clausura.<br \/>\nUna cena que estuvo elaborada \u00edntegramente por chefs mujeres en honor a la jornada del 8 de marzo en la que culmin\u00f3 MINIATURE Pintxos Congress.[\/vc_column_text][\/vc_column][vc_column width=&#8221;2\/3&#8243;][vc_video link=&#8221;https:\/\/youtu.be\/NuKfaOCpwok&#8221;][\/vc_column][\/vc_row][vc_row][vc_column][vc_empty_space][\/vc_column][\/vc_row][vc_row][vc_column width=&#8221;1\/2&#8243;][vc_video link=&#8221;https:\/\/youtu.be\/JG4_ucM9S7k&#8221;][\/vc_column][vc_column width=&#8221;1\/2&#8243;][dt_fancy_title title=&#8221;AS\u00cd FUE&#8221; title_align=&#8221;left&#8221; title_size=&#8221;h3&#8243; title_color=&#8221;accent&#8221; separator_style=&#8221;double&#8221; separator_color=&#8221;custom&#8221;][vc_empty_space][vc_column_text]Miniature Pintxos Congress 2017 tuvo lugar en el Palacio Europa de Vitoria-Gasteiz, traslad\u00e1ndose de Murgia tras sus tres primeras ediciones, donde tuvieron lugar las ponencias, demostraciones t\u00e9cnicas, traslad\u00e1ndose las cenas experienciales al Hotel Jardines de Uleta.[\/vc_column_text][\/vc_column][\/vc_row][vc_row][vc_column][vc_empty_space][\/vc_column][\/vc_row][vc_row][vc_column width=&#8221;1\/2&#8243;][dt_fancy_title title=&#8221;MINIATURE KIDS&#8221; title_align=&#8221;left&#8221; title_size=&#8221;h3&#8243; title_color=&#8221;accent&#8221; separator_style=&#8221;double&#8221; separator_color=&#8221;custom&#8221;][vc_empty_space][vc_column_text]Es una experiencia singular. Y como tal lo vive el congreso. El s\u00e1bado 6 de marzo el Palacio Europa vivi\u00f3 las alegr\u00edas de cerca de quinientos chavales&#8230; Ni\u00f1os y ni\u00f1as deseosos de vivir la cocina, de compartir con sus amigos, de divertir en definitiva.<br \/>\nMiniature Kids quiere ser un punto de encuentro de los m\u00e1s peque\u00f1os con la cocina, pero tambi\u00e9n con la alimentaci\u00f3n sana y equilibrada, con el conocimiento de los productos y de lo que nos ofrecen los productores de nuestro entorno.<br \/>\nY el objetivo se alcanz\u00f3, el reto est\u00e1 en superarse y alcanzar a m\u00e1s chavales en esta din\u00e1mica.\u00a0El equipo de Fideliza, Rub\u00e9n Gonz\u00e1lez, Mikel Fiestras&#8230;. profesionales y chefs sufrieron los &#8220;rigores&#8221; de la experiencia.[\/vc_column_text][vc_empty_space][\/vc_column][vc_column width=&#8221;1\/2&#8243;][vc_video link=&#8221;https:\/\/youtu.be\/tNWcWMRNImc&#8221;][\/vc_column][\/vc_row][vc_row][vc_column][dt_fancy_title title=&#8221;RESUMEN DE LAS TRES JORNADAS DE PONENCIAS&#8221; title_align=&#8221;left&#8221; title_size=&#8221;h3&#8243; title_color=&#8221;accent&#8221; separator_style=&#8221;double&#8221; separator_color=&#8221;custom&#8221;][vc_empty_space][\/vc_column][\/vc_row][vc_row][vc_column width=&#8221;1\/3&#8243;][dt_fancy_title title=&#8221;LIUNES, 6 DE MARZO DE 2017&#8243; title_align=&#8221;left&#8221; title_size=&#8221;h5&#8243; title_color=&#8221;accent&#8221; separator_style=&#8221;double&#8221; separator_color=&#8221;custom&#8221;][vc_empty_space][vc_video link=&#8221;https:\/\/youtu.be\/yiczDuZPrN4&#8243;][vc_empty_space][\/vc_column][vc_column width=&#8221;1\/3&#8243;][dt_fancy_title title=&#8221;MARTES, 7 DE MARZO DE 2017&#8243; title_align=&#8221;left&#8221; title_size=&#8221;h5&#8243; title_color=&#8221;accent&#8221; separator_style=&#8221;double&#8221; separator_color=&#8221;custom&#8221;][vc_empty_space][vc_video link=&#8221;https:\/\/youtu.be\/cBwtoE57snc&#8221;][vc_empty_space][\/vc_column][vc_column width=&#8221;1\/3&#8243;][dt_fancy_title title=&#8221;MI\u00c9RCOLES, 8 DE MARZO DE 2017&#8243; title_align=&#8221;left&#8221; title_size=&#8221;h5&#8243; title_color=&#8221;accent&#8221; separator_style=&#8221;double&#8221; separator_color=&#8221;custom&#8221;][vc_empty_space][vc_video link=&#8221;https:\/\/youtu.be\/RMLDSiW3JIs&#8221;][\/vc_column][\/vc_row][vc_row][vc_column][dt_fancy_title title=&#8221;INAUGURACION Y CENAS 2017&#8243; title_align=&#8221;left&#8221; title_size=&#8221;h3&#8243; title_color=&#8221;accent&#8221; separator_style=&#8221;double&#8221; separator_color=&#8221;custom&#8221;][vc_empty_space][\/vc_column][\/vc_row][vc_row][vc_column width=&#8221;1\/2&#8243;][dt_fancy_title title=&#8221;INAUGURACI\u00d3N&#8221; title_align=&#8221;left&#8221; title_size=&#8221;h5&#8243; title_color=&#8221;accent&#8221; separator_style=&#8221;double&#8221; separator_color=&#8221;custom&#8221;][vc_empty_space][vc_video link=&#8221;https:\/\/youtu.be\/LYr6YejurxU&#8221;][vc_empty_space][\/vc_column][vc_column width=&#8221;1\/2&#8243;][dt_fancy_title title=&#8221;CENA DE CAMPEONES&#8221; title_align=&#8221;left&#8221; title_size=&#8221;h5&#8243; title_color=&#8221;accent&#8221; separator_style=&#8221;double&#8221; separator_color=&#8221;custom&#8221;][vc_empty_space][vc_video link=&#8221;https:\/\/youtu.be\/BCwr9Sc101Q &#8220;][vc_empty_space][\/vc_column][\/vc_row][vc_row][vc_column width=&#8221;1\/2&#8243;][dt_fancy_title title=&#8221;CENA LUNES 6 DE MARZO DE 2017&#8243; title_align=&#8221;left&#8221; title_size=&#8221;h5&#8243; title_color=&#8221;accent&#8221; separator_style=&#8221;double&#8221; separator_color=&#8221;custom&#8221;][vc_empty_space][vc_video link=&#8221;https:\/\/youtu.be\/0EM_ceSVf80 &#8220;][vc_empty_space][\/vc_column][vc_column width=&#8221;1\/2&#8243;][dt_fancy_title title=&#8221;CENA MARTES 7 DE MARZO DE 2017&#8243; title_align=&#8221;left&#8221; title_size=&#8221;h5&#8243; title_color=&#8221;accent&#8221; separator_style=&#8221;double&#8221; separator_color=&#8221;custom&#8221;][vc_empty_space][vc_video link=&#8221;https:\/\/youtu.be\/6M6tq0vozhk &#8220;][vc_empty_space][\/vc_column][\/vc_row][vc_row][vc_column][dt_fancy_title title=&#8221;ENTREVISTAS 2017&#8243; title_align=&#8221;left&#8221; title_size=&#8221;h3&#8243; title_color=&#8221;accent&#8221; separator_style=&#8221;double&#8221; separator_color=&#8221;custom&#8221;][vc_empty_space][\/vc_column][\/vc_row][vc_row][vc_column width=&#8221;1\/3&#8243;][dt_fancy_title title=&#8221;GORKA URTARAN, ALCALDE&#8221; title_align=&#8221;left&#8221; title_size=&#8221;h5&#8243; title_color=&#8221;accent&#8221; separator_style=&#8221;double&#8221; separator_color=&#8221;custom&#8221;][vc_empty_space][vc_video link=&#8221;https:\/\/youtu.be\/872rSEurRJ8&#8243;][vc_empty_space][\/vc_column][vc_column width=&#8221;1\/3&#8243;][dt_fancy_title title=&#8221;ISABEL MUELA, VICECONSEJERA&#8221; title_align=&#8221;left&#8221; title_size=&#8221;h5&#8243; title_color=&#8221;accent&#8221; separator_style=&#8221;double&#8221; separator_color=&#8221;custom&#8221;][vc_empty_space][vc_video link=&#8221;https:\/\/youtu.be\/UOFrhBjLBmM&#8221;][vc_empty_space][\/vc_column][vc_column width=&#8221;1\/3&#8243;][dt_fancy_title title=&#8221;FRAN AGUDO, TICKETS&#8221; title_align=&#8221;left&#8221; title_size=&#8221;h5&#8243; title_color=&#8221;accent&#8221; separator_style=&#8221;double&#8221; separator_color=&#8221;custom&#8221;][vc_empty_space][vc_video link=&#8221;https:\/\/youtu.be\/piw3CFRWk-Y&#8221;][vc_empty_space][\/vc_column][\/vc_row][vc_row][vc_column width=&#8221;1\/3&#8243;][dt_fancy_title title=&#8221;I\u00d1IGO ELORRIAGA, BOROA&#8221; title_align=&#8221;left&#8221; title_size=&#8221;h5&#8243; title_color=&#8221;accent&#8221; separator_style=&#8221;double&#8221; separator_color=&#8221;custom&#8221;][vc_empty_space][vc_video link=&#8221;https:\/\/youtu.be\/klLobumllPw &#8220;][vc_empty_space][\/vc_column][vc_column width=&#8221;1\/3&#8243;][dt_fancy_title title=&#8221;JOSEAN MERINO, PERRETXICO&#8221; title_align=&#8221;left&#8221; title_size=&#8221;h5&#8243; title_color=&#8221;accent&#8221; separator_style=&#8221;double&#8221; separator_color=&#8221;custom&#8221;][vc_empty_space][vc_video link=&#8221;https:\/\/youtu.be\/ccu0qAisHHw &#8220;][vc_empty_space][\/vc_column][vc_column width=&#8221;1\/3&#8243;][dt_fancy_title title=&#8221;MARIANO MIER, EL QUINTO&#8221; title_align=&#8221;left&#8221; title_size=&#8221;h5&#8243; title_color=&#8221;accent&#8221; separator_style=&#8221;double&#8221; separator_color=&#8221;custom&#8221;][vc_empty_space][vc_video link=&#8221;https:\/\/youtu.be\/Nq720vepOSs &#8220;][vc_empty_space][\/vc_column][\/vc_row][vc_row][vc_column width=&#8221;1\/3&#8243;][dt_fancy_title title=&#8221;RUB\u00c9N GONZ\u00c1LEZ, EL CAFET\u00cdN&#8221; title_align=&#8221;left&#8221; title_size=&#8221;h5&#8243; title_color=&#8221;accent&#8221; separator_style=&#8221;double&#8221; separator_color=&#8221;custom&#8221;][vc_empty_space][vc_video link=&#8221;https:\/\/youtu.be\/E9Pwr1KM-2o &#8220;][vc_empty_space][\/vc_column][vc_column width=&#8221;1\/3&#8243;][dt_fancy_title title=&#8221;GENI PERRAM\u00d3N, TABERNA DEL GOURMET&#8221; title_align=&#8221;left&#8221; title_size=&#8221;h5&#8243; title_color=&#8221;accent&#8221; separator_style=&#8221;double&#8221; separator_color=&#8221;custom&#8221;][vc_empty_space][vc_video link=&#8221;https:\/\/youtu.be\/z48ArX3X8Gc &#8220;][vc_empty_space][\/vc_column][vc_column width=&#8221;1\/3&#8243;][dt_fancy_title title=&#8221;DOLORES RINC\u00d3N, MANOLO MAYO&#8221; title_align=&#8221;left&#8221; title_size=&#8221;h5&#8243; title_color=&#8221;accent&#8221; separator_style=&#8221;double&#8221; separator_color=&#8221;custom&#8221;][vc_empty_space][vc_video link=&#8221;https:\/\/youtu.be\/y-XWZIxekM4 &#8220;][vc_empty_space][\/vc_column][\/vc_row][vc_row][vc_column width=&#8221;1\/3&#8243;][dt_fancy_title title=&#8221;ENEKO ORDORIKA, ZALLO BARRI&#8221; title_align=&#8221;left&#8221; title_size=&#8221;h5&#8243; title_color=&#8221;accent&#8221; separator_style=&#8221;double&#8221; separator_color=&#8221;custom&#8221;][vc_empty_space][vc_video link=&#8221;https:\/\/youtu.be\/8rZl1nXSdVA &#8220;][vc_empty_space][\/vc_column][vc_column width=&#8221;1\/3&#8243;][dt_fancy_title title=&#8221;GERMAN BLANCO, LA TEGALA&#8221; title_align=&#8221;left&#8221; title_size=&#8221;h5&#8243; title_color=&#8221;accent&#8221; separator_style=&#8221;double&#8221; separator_color=&#8221;custom&#8221;][vc_empty_space][vc_video link=&#8221;https:\/\/youtu.be\/4eZV865tmsw&#8221;][vc_empty_space][\/vc_column][vc_column width=&#8221;1\/3&#8243;][dt_fancy_title title=&#8221;MIKEL MU\u00d1OZ, GRAN SOL&#8221; title_align=&#8221;left&#8221; title_size=&#8221;h5&#8243; title_color=&#8221;accent&#8221; separator_style=&#8221;double&#8221; separator_color=&#8221;custom&#8221;][vc_empty_space][vc_video link=&#8221;https:\/\/youtu.be\/J6splC7L4yY &#8220;][vc_empty_space][\/vc_column][\/vc_row][vc_row][vc_column width=&#8221;1\/3&#8243;][dt_fancy_title title=&#8221;GORKA SOUTO, SARDARA&#8221; title_align=&#8221;left&#8221; title_size=&#8221;h5&#8243; title_color=&#8221;accent&#8221; separator_style=&#8221;double&#8221; separator_color=&#8221;custom&#8221;][vc_empty_space][vc_video link=&#8221;https:\/\/youtu.be\/o0Ht-YL1Qv4&#8243;][vc_empty_space][\/vc_column][vc_column width=&#8221;1\/3&#8243;][dt_fancy_title title=&#8221;M\u00aa CLAUDIA ZARAMA, COLOMBIA&#8221; title_align=&#8221;left&#8221; title_size=&#8221;h5&#8243; title_color=&#8221;accent&#8221; separator_style=&#8221;double&#8221; separator_color=&#8221;custom&#8221;][vc_empty_space][vc_video link=&#8221;https:\/\/youtu.be\/OuoXuMPA7TE &#8220;][vc_empty_space][\/vc_column][vc_column width=&#8221;1\/3&#8243;][dt_fancy_title title=&#8221;MIKEL FIESTRAS, LA REGADERA&#8221; title_align=&#8221;left&#8221; title_size=&#8221;h5&#8243; title_color=&#8221;accent&#8221; separator_style=&#8221;double&#8221; separator_color=&#8221;custom&#8221;][vc_empty_space][vc_video link=&#8221;https:\/\/youtu.be\/rNuyH_7CgVQ &#8220;][vc_empty_space][\/vc_column][\/vc_row][vc_row][vc_column][vc_empty_space][vc_empty_space][vc_widget_sidebar sidebar_id=&#8221;sidebar_3&#8221;][\/vc_column][\/vc_row]<\/p>\n","protected":false},"excerpt":{"rendered":"<p>[vc_row][vc_column][dt_fancy_title title=&#8221;MINIATURE PINTXOS CONGRESS 2017&#8243; title_align=&#8221;left&#8221; title_size=&#8221;h3&#8243; title_color=&#8221;accent&#8221; separator_style=&#8221;double&#8221; separator_color=&#8221;custom&#8221;][vc_empty_space][\/vc_column][\/vc_row][vc_row][vc_column width=&#8221;1\/3&#8243;][vc_column_text]Las cenas experienciales son parte esencial de MINIATURE Pintxos Congress y, cada a\u00f1o, se re\u00fanen en torno a la mesa congresistas, ponentes, patrocinadores e instituciones para disfrutar de lo mejor de los pintxos y de lo acontecido en las ponencias. Y cada a\u00f1o tambi\u00e9n, MINIATURE [&hellip;]<\/p>\n","protected":false},"author":4,"featured_media":0,"parent":0,"menu_order":0,"comment_status":"closed","ping_status":"closed","template":"","meta":{"footnotes":""},"class_list":["post-7956","page","type-page","status-publish","hentry"],"_links":{"self":[{"href":"https:\/\/miniature.pintxos.eus\/eu\/wp-json\/wp\/v2\/pages\/7956","targetHints":{"allow":["GET"]}}],"collection":[{"href":"https:\/\/miniature.pintxos.eus\/eu\/wp-json\/wp\/v2\/pages"}],"about":[{"href":"https:\/\/miniature.pintxos.eus\/eu\/wp-json\/wp\/v2\/types\/page"}],"author":[{"embeddable":true,"href":"https:\/\/miniature.pintxos.eus\/eu\/wp-json\/wp\/v2\/users\/4"}],"replies":[{"embeddable":true,"href":"https:\/\/miniature.pintxos.eus\/eu\/wp-json\/wp\/v2\/comments?post=7956"}],"version-history":[{"count":1,"href":"https:\/\/miniature.pintxos.eus\/eu\/wp-json\/wp\/v2\/pages\/7956\/revisions"}],"predecessor-version":[{"id":7957,"href":"https:\/\/miniature.pintxos.eus\/eu\/wp-json\/wp\/v2\/pages\/7956\/revisions\/7957"}],"wp:attachment":[{"href":"https:\/\/miniature.pintxos.eus\/eu\/wp-json\/wp\/v2\/media?parent=7956"}],"curies":[{"name":"wp","href":"https:\/\/api.w.org\/{rel}","templated":true}]}}