{"id":7954,"date":"2018-06-22T12:53:40","date_gmt":"2018-06-22T10:53:40","guid":{"rendered":"https:\/\/miniature.pintxos.eus\/miniature-2018\/"},"modified":"2025-09-01T13:46:50","modified_gmt":"2025-09-01T11:46:50","slug":"miniature-2018","status":"publish","type":"page","link":"https:\/\/miniature.pintxos.eus\/eu\/miniature-2018\/","title":{"rendered":"MINIATURE 2018"},"content":{"rendered":"<p>[vc_row][vc_column][dt_fancy_title title=&#8221;MINIATURE PINTXOS CONGRESS 2018&#8243; title_align=&#8221;left&#8221; title_size=&#8221;h3&#8243; title_color=&#8221;accent&#8221; separator_style=&#8221;double&#8221; separator_color=&#8221;custom&#8221;][vc_empty_space][\/vc_column][\/vc_row][vc_row][vc_column width=&#8221;1\/3&#8243;][dt_fancy_title title=&#8221;ASI FUE MINIATURE 2018&#8243; title_align=&#8221;left&#8221; title_size=&#8221;h4&#8243; title_color=&#8221;accent&#8221; separator_style=&#8221;double&#8221; separator_color=&#8221;custom&#8221;][vc_column_text]Hemos tenido en la quinta edici\u00f3n al equipo de investigaci\u00f3n de Mugaritz, Javi Estevez, los campeones de Espa\u00f1a y del Mundo de pintxos\u2026<br \/>\nFuimos solidarios con Fundaci\u00f3n Rosa Oriol de sor Luc\u00eda Caram y con Mensajeros de la Paz del Padre \u00c1ngel en el contexto de Miniature en Femenino\u2026<br \/>\nTuvimos en Vitoria-Gasteiz a Argentina, a Irlanda y a Gran Breta\u00f1a, tambi\u00e9n a Madrid y su cocina\u2026 a emergentes estrellas Michel\u00edn como Paulo Airaudo y al grupo Tragaluz\u2026<br \/>\nY tambi\u00e9n aprendimos a cocinar con los m\u00e1s peques en Miniature Kids, e hicimos la barra de pintxos m\u00e1s grande en el Iradier Arena, y concursamos en Miniature Iron Chef\u2026<br \/>\n<strong>Y disfrutamos mucho y con muchos de la gastronom\u00eda, de la cocina en miniatura\u2026 en las cenas Pintxos Experience\u2026 alrededor de la mesa, de la buena mesa.<\/strong>[\/vc_column_text][\/vc_column][vc_column width=&#8221;2\/3&#8243;][vc_empty_space][vc_video link=&#8221;https:\/\/youtu.be\/QapUP5xT1Vc&#8221;][\/vc_column][\/vc_row][vc_row][vc_column][vc_empty_space][vc_empty_space][\/vc_column][\/vc_row][vc_row][vc_column width=&#8221;1\/2&#8243;][dt_fancy_title title=&#8221;PRESENTACI\u00d3N OFICIAL 2018&#8243; title_align=&#8221;left&#8221; title_size=&#8221;h4&#8243; title_color=&#8221;accent&#8221; separator_style=&#8221;double&#8221; separator_color=&#8221;custom&#8221;][vc_empty_space][vc_video link=&#8221;https:\/\/youtu.be\/a7AIr-Pkj_s&#8221;][\/vc_column][vc_column width=&#8221;1\/2&#8243;][dt_fancy_title title=&#8221;MINIATURE 2018: EL RONQUEO&#8221; title_align=&#8221;left&#8221; title_size=&#8221;h4&#8243; title_color=&#8221;accent&#8221; separator_style=&#8221;double&#8221; separator_color=&#8221;custom&#8221;][vc_empty_space][vc_video link=&#8221;https:\/\/youtu.be\/yZCftT6y7kY&#8221;][\/vc_column][\/vc_row][vc_row][vc_column][vc_empty_space][vc_empty_space][dt_fancy_title title=&#8221;MINIATURE PINTXOS CONGRESS 2018 \u00b7 D\u00cdA A D\u00cdA \u00b7 LOS RES\u00daMENES&#8221; title_align=&#8221;left&#8221; title_size=&#8221;h3&#8243; title_color=&#8221;accent&#8221; separator_style=&#8221;double&#8221; separator_color=&#8221;custom&#8221;][vc_empty_space][\/vc_column][\/vc_row][vc_row][vc_column width=&#8221;1\/3&#8243;][dt_fancy_title title=&#8221;MINIATURE \u00b7 12 DE MARZO DE 2018&#8243; title_align=&#8221;left&#8221; title_size=&#8221;h6&#8243; title_color=&#8221;accent&#8221; separator_style=&#8221;double&#8221; separator_color=&#8221;custom&#8221;][vc_empty_space][vc_video link=&#8221;https:\/\/youtu.be\/x9wcjseFYsk&#8221;][vc_empty_space][\/vc_column][vc_column width=&#8221;1\/3&#8243;][dt_fancy_title title=&#8221;MINIATURE \u00b7 13 DE MARZO DE 2018&#8243; title_align=&#8221;left&#8221; title_size=&#8221;h6&#8243; title_color=&#8221;accent&#8221; separator_style=&#8221;double&#8221; separator_color=&#8221;custom&#8221;][vc_empty_space][vc_video link=&#8221;https:\/\/youtu.be\/v8zPdqHGNpE&#8221;][vc_empty_space][\/vc_column][vc_column width=&#8221;1\/3&#8243;][dt_fancy_title title=&#8221;MINIATURE \u00b7 14 DE MARZO DE 2018&#8243; title_align=&#8221;left&#8221; title_size=&#8221;h6&#8243; title_color=&#8221;accent&#8221; separator_style=&#8221;double&#8221; separator_color=&#8221;custom&#8221;][vc_empty_space][vc_video link=&#8221;https:\/\/youtu.be\/CoDb6IIg2U0&#8243;][vc_empty_space][\/vc_column][\/vc_row][vc_row][vc_column width=&#8221;1\/3&#8243;][dt_fancy_title title=&#8221;MINIATURE IRON CHEF \u00b7 EN LOS RESTAURANTES&#8221; title_align=&#8221;left&#8221; title_size=&#8221;h6&#8243; title_color=&#8221;accent&#8221; separator_style=&#8221;double&#8221; separator_color=&#8221;custom&#8221;][vc_empty_space][vc_video link=&#8221;https:\/\/youtu.be\/5cYzZGeNou0&#8243;][vc_empty_space][\/vc_column][vc_column width=&#8221;1\/3&#8243;][dt_fancy_title title=&#8221;MINIATURE IRON CHEF \u00b7 LA FINAL&#8221; title_align=&#8221;left&#8221; title_size=&#8221;h6&#8243; title_color=&#8221;accent&#8221; separator_style=&#8221;double&#8221; separator_color=&#8221;custom&#8221;][vc_empty_space][vc_video link=&#8221;https:\/\/youtu.be\/2_jRsMrpM2I&#8221;][vc_empty_space][\/vc_column][vc_column width=&#8221;1\/3&#8243;][dt_fancy_title title=&#8221;MINIATURE \u00b7 EL RONQUEO&#8221; title_align=&#8221;left&#8221; title_size=&#8221;h6&#8243; title_color=&#8221;accent&#8221; separator_style=&#8221;double&#8221; separator_color=&#8221;custom&#8221;][vc_empty_space][vc_video link=&#8221;https:\/\/youtu.be\/nHX0Y4O9Hdg&#8221;][vc_empty_space][\/vc_column][\/vc_row][vc_row][vc_column width=&#8221;1\/3&#8243;][dt_fancy_title title=&#8221;MINIATURE EN FEMENINO \u00b7 8 DE MARZO DE 2018&#8243; title_align=&#8221;left&#8221; title_size=&#8221;h6&#8243; title_color=&#8221;accent&#8221; separator_style=&#8221;double&#8221; separator_color=&#8221;custom&#8221;][vc_empty_space][vc_video link=&#8221;https:\/\/youtu.be\/xQYaXfPxl8A&#8221;][vc_empty_space][\/vc_column][vc_column width=&#8221;1\/3&#8243;][dt_fancy_title title=&#8221;MINIATURE \u00b7 LA BARRA DE PINTXOS M\u00c1S GRANDE &#8221; title_align=&#8221;left&#8221; title_size=&#8221;h6&#8243; title_color=&#8221;accent&#8221; separator_style=&#8221;double&#8221; separator_color=&#8221;custom&#8221;][vc_empty_space][vc_video link=&#8221;https:\/\/youtu.be\/cD4qcxPDZGs&#8221;][vc_empty_space][\/vc_column][vc_column width=&#8221;1\/3&#8243;][dt_fancy_title title=&#8221;MINIATURE KIDS&#8221; title_align=&#8221;left&#8221; title_size=&#8221;h6&#8243; title_color=&#8221;accent&#8221; separator_style=&#8221;double&#8221; separator_color=&#8221;custom&#8221;][vc_empty_space][vc_video link=&#8221;https:\/\/youtu.be\/GpaOnrdIgT4&#8243;][vc_empty_space][\/vc_column][\/vc_row][vc_row][vc_column][vc_empty_space][dt_fancy_title title=&#8221;LOS PONENTES DE MINIATURE PINTXOS CONGRESS 2018&#8243; title_align=&#8221;left&#8221; title_size=&#8221;h3&#8243; title_color=&#8221;accent&#8221; separator_style=&#8221;double&#8221; separator_color=&#8221;custom&#8221;][vc_empty_space][\/vc_column][\/vc_row][vc_row][vc_column width=&#8221;1\/2&#8243;][dt_fancy_title title=&#8221;JULI\u00c1N OTERO \u00b7 I+D MUGARITZ \u00b7 ERRENTERIA&#8221; title_align=&#8221;left&#8221; title_size=&#8221;h4&#8243; title_color=&#8221;accent&#8221; separator_style=&#8221;double&#8221; separator_color=&#8221;custom&#8221;][vc_empty_space][vc_video link=&#8221;https:\/\/youtu.be\/QXGMfpOB3Dw&#8221;][vc_empty_space][dt_fancy_title title=&#8221;RAFA PANATTIERI \u00b7 ROCA MOO \u00b7 BARCELONA&#8221; title_align=&#8221;left&#8221; title_size=&#8221;h4&#8243; title_color=&#8221;accent&#8221; separator_style=&#8221;double&#8221; separator_color=&#8221;custom&#8221;][vc_empty_space][vc_video link=&#8221;https:\/\/youtu.be\/a-Q82ocx6DM&#8221;][\/vc_column][vc_column width=&#8221;1\/2&#8243;][dt_fancy_title title=&#8221;JAVI EST\u00c9VEZ \u00b7 LA TASQUER\u00cdA \u00b7 MADRID&#8221; title_align=&#8221;left&#8221; title_size=&#8221;h4&#8243; title_color=&#8221;accent&#8221; separator_style=&#8221;double&#8221; separator_color=&#8221;custom&#8221;][vc_empty_space][vc_video link=&#8221;https:\/\/youtu.be\/8Xyt0F7G7u8&#8243;][vc_empty_space][dt_fancy_title title=&#8221;PAULO AIRAUDO \u00b7 AMELIA RESTAURANTE \u00b7 DONOSTIA&#8221; title_align=&#8221;left&#8221; title_size=&#8221;h4&#8243; title_color=&#8221;accent&#8221; separator_style=&#8221;double&#8221; separator_color=&#8221;custom&#8221;][vc_empty_space][vc_video link=&#8221;https:\/\/youtu.be\/n7dbgXNxHiE&#8221;][\/vc_column][\/vc_row][vc_row][vc_column width=&#8221;1\/3&#8243;][vc_empty_space][dt_fancy_title title=&#8221;IGOR RODR\u00cdGUEZ \u00b7 BRETXA \u00b7 PALMA DE MALLORCA&#8221; title_align=&#8221;left&#8221; title_size=&#8221;h6&#8243; title_color=&#8221;accent&#8221; separator_style=&#8221;double&#8221; separator_color=&#8221;custom&#8221;][vc_empty_space][vc_video link=&#8221;https:\/\/youtu.be\/zNusjGLdkSo&#8221;][vc_empty_space][dt_fancy_title title=&#8221;JAVIER RODR\u00cdGUEZ &amp; RODRIGO LLANES \u00b7 ARGENTINA&#8221; title_align=&#8221;left&#8221; title_size=&#8221;h6&#8243; title_color=&#8221;accent&#8221; separator_style=&#8221;double&#8221; separator_color=&#8221;custom&#8221;][vc_empty_space][vc_video link=&#8221;https:\/\/youtu.be\/-3oCdduJzLg&#8221;][vc_empty_space][dt_fancy_title title=&#8221;JON AYALA \u00b7 LAIA ERRETEGIA \u00b7 HONDARRIBIA&#8221; title_align=&#8221;left&#8221; title_size=&#8221;h6&#8243; title_color=&#8221;accent&#8221; separator_style=&#8221;double&#8221; separator_color=&#8221;custom&#8221;][vc_empty_space][vc_video link=&#8221;https:\/\/youtu.be\/xola_0pzToA&#8221;][vc_empty_space][dt_fancy_title title=&#8221;PAUL ARRILLAGA\u00b7 BAR ZAZPI \u00b7 DONOSTIA&#8221; title_align=&#8221;left&#8221; title_size=&#8221;h6&#8243; title_color=&#8221;accent&#8221; separator_style=&#8221;double&#8221; separator_color=&#8221;custom&#8221;][vc_empty_space][vc_video link=&#8221;https:\/\/youtu.be\/TYrL7G5BLfM&#8221;][vc_empty_space][dt_fancy_title title=&#8221;AARON ORTIZ &amp; JAIONE AIZPURUA&#8221; title_align=&#8221;left&#8221; title_size=&#8221;h6&#8243; title_color=&#8221;accent&#8221; separator_style=&#8221;double&#8221; separator_color=&#8221;custom&#8221;][vc_empty_space][vc_video link=&#8221;https:\/\/youtu.be\/XcVaesNN-TU&#8221;][vc_empty_space][dt_fancy_title title=&#8221;LAUMONT \u00b7 TALLER DE TRUFAS Y SETAS&#8221; title_align=&#8221;left&#8221; title_size=&#8221;h6&#8243; title_color=&#8221;accent&#8221; separator_style=&#8221;double&#8221; separator_color=&#8221;custom&#8221;][vc_empty_space][vc_video link=&#8221;https:\/\/youtu.be\/XQR7YBhytF8&#8243;][vc_empty_space][dt_fancy_title title=&#8221;C\u00c9SAR G\u00d3MEZ \u00b7 OSTRAS DE ESPA\u00d1A&#8221; title_align=&#8221;left&#8221; title_size=&#8221;h6&#8243; title_color=&#8221;accent&#8221; separator_style=&#8221;double&#8221; separator_color=&#8221;custom&#8221;][vc_empty_space][vc_video link=&#8221;https:\/\/youtu.be\/pb7y_6L7-Zc&#8221;][\/vc_column][vc_column width=&#8221;1\/3&#8243;][vc_empty_space][dt_fancy_title title=&#8221;\u00d8YVIND B\u00d8E DALELV \u00b7 OSLO \u00b7 NORUEGA&#8221; title_align=&#8221;left&#8221; title_size=&#8221;h6&#8243; title_color=&#8221;accent&#8221; separator_style=&#8221;double&#8221; separator_color=&#8221;custom&#8221;][vc_empty_space][vc_video link=&#8221;https:\/\/youtu.be\/IdeSSOmrezg&#8221;][vc_empty_space][dt_fancy_title title=&#8221;ROB CURLEY, GORKA ARRIETA &amp; NICK FOLEY \u00b7 EIRE&#8221; title_align=&#8221;left&#8221; title_size=&#8221;h6&#8243; title_color=&#8221;accent&#8221; separator_style=&#8221;double&#8221; separator_color=&#8221;custom&#8221;][vc_empty_space][vc_video link=&#8221;https:\/\/youtu.be\/Zj36N8TTogQ&#8221;][vc_empty_space][dt_fancy_title title=&#8221;LOURDES REKONDO \u00b7 RTE REKONDO \u00b7 DONOSTIA&#8221; title_align=&#8221;left&#8221; title_size=&#8221;h6&#8243; title_color=&#8221;accent&#8221; separator_style=&#8221;double&#8221; separator_color=&#8221;custom&#8221;][vc_empty_space][vc_video link=&#8221;https:\/\/youtu.be\/lkXUmp2Yhnk&#8221;][vc_empty_space][dt_fancy_title title=&#8221;I\u00d1IGO KORTABITARTE \u00b7 KOBIKA GASTRO \u00b7 DURANGO&#8221; title_align=&#8221;left&#8221; title_size=&#8221;h6&#8243; title_color=&#8221;accent&#8221; separator_style=&#8221;double&#8221; separator_color=&#8221;custom&#8221;][vc_empty_space][vc_video link=&#8221;https:\/\/youtu.be\/q47kNrHwse0&#8243;][vc_empty_space][dt_fancy_title title=&#8221;FERNANDO CANET \u00b7 TALLER DE OLORES&#8221; title_align=&#8221;left&#8221; title_size=&#8221;h6&#8243; title_color=&#8221;accent&#8221; separator_style=&#8221;double&#8221; separator_color=&#8221;custom&#8221;][vc_empty_space][vc_video link=&#8221;https:\/\/youtu.be\/ihKC0cqzqnY&#8221;][vc_empty_space][dt_fancy_title title=&#8221;LAURENT VILLAEYS SAKALIAN \u00b7 CAVIAR PERS\u00c9&#8221; title_align=&#8221;left&#8221; title_size=&#8221;h6&#8243; title_color=&#8221;accent&#8221; separator_style=&#8221;double&#8221; separator_color=&#8221;custom&#8221;][vc_empty_space][vc_video link=&#8221;https:\/\/youtu.be\/xfErTiJ8EM4&#8243;][vc_empty_space][dt_fancy_title title=&#8221;COLOQUIO GRUPO TRAGALUZ&#8221; title_align=&#8221;left&#8221; title_size=&#8221;h6&#8243; title_color=&#8221;accent&#8221; separator_style=&#8221;double&#8221; separator_color=&#8221;custom&#8221;][vc_empty_space][vc_video link=&#8221;https:\/\/youtu.be\/CHI1Kt3_YB8&#8243;][\/vc_column][vc_column width=&#8221;1\/3&#8243;][vc_empty_space][dt_fancy_title title=&#8221;SAMANTA LESKE &amp; MERCEDES SOL\u00cdS \u00b7ARGENTINA&#8221; title_align=&#8221;left&#8221; title_size=&#8221;h6&#8243; title_color=&#8221;accent&#8221; separator_style=&#8221;double&#8221; separator_color=&#8221;custom&#8221;][vc_empty_space][vc_video link=&#8221;https:\/\/youtu.be\/Eui4d03OKhU&#8221;][vc_empty_space][dt_fancy_title title=&#8221;ALEX DUR\u00c1N Y RUB\u00c9N PLAZA \u00b7 BARCELONA&#8221; title_align=&#8221;left&#8221; title_size=&#8221;h6&#8243; title_color=&#8221;accent&#8221; separator_style=&#8221;double&#8221; separator_color=&#8221;custom&#8221;][vc_empty_space][vc_video link=&#8221;https:\/\/youtu.be\/yGHZkJjchN4&#8243;][vc_empty_space][dt_fancy_title title=&#8221;MIKEL MU\u00d1OZ \u00b7 BAR GRAN SOL \u00b7 HONDARRIBIA&#8221; title_align=&#8221;left&#8221; title_size=&#8221;h6&#8243; title_color=&#8221;accent&#8221; separator_style=&#8221;double&#8221; separator_color=&#8221;custom&#8221;][vc_empty_space][vc_video link=&#8221;https:\/\/youtu.be\/Qm5u3aMBQ7Y&#8221;][vc_empty_space][dt_fancy_title title=&#8221;MITXEL SU\u00c1REZ \u00b7 ASADOR BORDA BERRI \u00b7 HUETO&#8221; title_align=&#8221;left&#8221; title_size=&#8221;h6&#8243; title_color=&#8221;accent&#8221; separator_style=&#8221;double&#8221; separator_color=&#8221;custom&#8221;][vc_empty_space][vc_video link=&#8221;https:\/\/youtu.be\/a0AGLP7jJ6g&#8221;][vc_empty_space][dt_fancy_title title=&#8221;I\u00d1AKI ANDRADAS \u00b7 BASERRI BERRI \u00b7 PAMPLONA&#8221; title_align=&#8221;left&#8221; title_size=&#8221;h6&#8243; title_color=&#8221;accent&#8221; separator_style=&#8221;double&#8221; separator_color=&#8221;custom&#8221;][vc_empty_space][vc_video link=&#8221;https:\/\/youtu.be\/WLliGTCY3pg&#8221;][vc_empty_space][dt_fancy_title title=&#8221;I\u00d1AKI SU\u00c1REZ \u00b7 AMSTEL ORO \u00b7 CERVEZA &amp; GASTRO&#8221; title_align=&#8221;left&#8221; title_size=&#8221;h6&#8243; title_color=&#8221;accent&#8221; separator_style=&#8221;double&#8221; separator_color=&#8221;custom&#8221;][vc_empty_space][vc_video link=&#8221;https:\/\/youtu.be\/FNc4wLwtHfg&#8221;][vc_empty_space][dt_fancy_title title=&#8221;COLOQUIO GASTRONOM\u00cdA ARGENTINA&#8221; title_align=&#8221;left&#8221; title_size=&#8221;h6&#8243; title_color=&#8221;accent&#8221; separator_style=&#8221;double&#8221; separator_color=&#8221;custom&#8221;][vc_empty_space][vc_video link=&#8221;https:\/\/youtu.be\/SimB2Reu-PA&#8221;][\/vc_column][\/vc_row][vc_row][vc_column][vc_empty_space][vc_empty_space][dt_fancy_title title=&#8221;LAS CENAS DE MINIATURE \u00b7 PINTXOS EXPERIENCE&#8221; title_align=&#8221;left&#8221; title_size=&#8221;h3&#8243; title_color=&#8221;accent&#8221; separator_style=&#8221;double&#8221; separator_color=&#8221;custom&#8221;][vc_empty_space][\/vc_column][\/vc_row][vc_row][vc_column width=&#8221;1\/2&#8243;][dt_fancy_title title=&#8221;EN FEMENINO \u00b7 SOLIDARIA \u00b7 8 DE MARZO DE 2018&#8243; title_align=&#8221;left&#8221; title_size=&#8221;h4&#8243; title_color=&#8221;accent&#8221; separator_style=&#8221;double&#8221; separator_color=&#8221;custom&#8221;][vc_empty_space][vc_video link=&#8221;https:\/\/youtu.be\/Be-Osk-rCCg&#8221;][vc_empty_space][\/vc_column][vc_column width=&#8221;1\/2&#8243;][dt_fancy_title title=&#8221;CENA DE CLAUSURA \u00b7 MADRID \u00b7 HOMENAJE A ROSER TORRAS&#8221; title_align=&#8221;left&#8221; title_size=&#8221;h4&#8243; title_color=&#8221;accent&#8221; separator_style=&#8221;double&#8221; separator_color=&#8221;custom&#8221;][vc_empty_space][vc_video link=&#8221;https:\/\/youtu.be\/dmadiYSlAaA&#8221;][vc_empty_space][\/vc_column][\/vc_row][vc_row][vc_column width=&#8221;1\/3&#8243;][dt_fancy_title title=&#8221;CENA DE IRLANDA&#8221; title_align=&#8221;left&#8221; title_size=&#8221;h6&#8243; title_color=&#8221;accent&#8221; separator_style=&#8221;double&#8221; separator_color=&#8221;custom&#8221;][vc_empty_space][vc_video link=&#8221;https:\/\/youtu.be\/va_MQFi9tDQ&#8221;][vc_empty_space][\/vc_column][vc_column width=&#8221;1\/3&#8243;][dt_fancy_title title=&#8221;CENA DE ARGENTINA&#8221; title_align=&#8221;left&#8221; title_size=&#8221;h6&#8243; title_color=&#8221;accent&#8221; separator_style=&#8221;double&#8221; separator_color=&#8221;custom&#8221;][vc_empty_space][vc_video link=&#8221;https:\/\/youtu.be\/cD4qcxPDZGs&#8221;][vc_empty_space][\/vc_column][vc_column width=&#8221;1\/3&#8243;][dt_fancy_title title=&#8221;CENA DE CAMPEONES&#8221; title_align=&#8221;left&#8221; title_size=&#8221;h6&#8243; title_color=&#8221;accent&#8221; separator_style=&#8221;double&#8221; separator_color=&#8221;custom&#8221;][vc_empty_space][vc_video link=&#8221;https:\/\/youtu.be\/I6BBL3WPzuM&#8221;][vc_empty_space][\/vc_column][\/vc_row][vc_row][vc_column][vc_empty_space][vc_empty_space][vc_widget_sidebar sidebar_id=&#8221;sidebar_3&#8243;][\/vc_column][\/vc_row]<\/p>\n","protected":false},"excerpt":{"rendered":"<p>[vc_row][vc_column][dt_fancy_title title=&#8221;MINIATURE PINTXOS CONGRESS 2018&#8243; title_align=&#8221;left&#8221; title_size=&#8221;h3&#8243; title_color=&#8221;accent&#8221; separator_style=&#8221;double&#8221; separator_color=&#8221;custom&#8221;][vc_empty_space][\/vc_column][\/vc_row][vc_row][vc_column width=&#8221;1\/3&#8243;][dt_fancy_title title=&#8221;ASI FUE MINIATURE 2018&#8243; title_align=&#8221;left&#8221; title_size=&#8221;h4&#8243; title_color=&#8221;accent&#8221; separator_style=&#8221;double&#8221; separator_color=&#8221;custom&#8221;][vc_column_text]Hemos tenido en la quinta edici\u00f3n al equipo de investigaci\u00f3n de Mugaritz, Javi Estevez, los campeones de Espa\u00f1a y del Mundo de pintxos\u2026 Fuimos solidarios con Fundaci\u00f3n Rosa Oriol de sor Luc\u00eda Caram y con Mensajeros [&hellip;]<\/p>\n","protected":false},"author":4,"featured_media":0,"parent":0,"menu_order":0,"comment_status":"closed","ping_status":"closed","template":"","meta":{"footnotes":""},"class_list":["post-7954","page","type-page","status-publish","hentry"],"_links":{"self":[{"href":"https:\/\/miniature.pintxos.eus\/eu\/wp-json\/wp\/v2\/pages\/7954","targetHints":{"allow":["GET"]}}],"collection":[{"href":"https:\/\/miniature.pintxos.eus\/eu\/wp-json\/wp\/v2\/pages"}],"about":[{"href":"https:\/\/miniature.pintxos.eus\/eu\/wp-json\/wp\/v2\/types\/page"}],"author":[{"embeddable":true,"href":"https:\/\/miniature.pintxos.eus\/eu\/wp-json\/wp\/v2\/users\/4"}],"replies":[{"embeddable":true,"href":"https:\/\/miniature.pintxos.eus\/eu\/wp-json\/wp\/v2\/comments?post=7954"}],"version-history":[{"count":1,"href":"https:\/\/miniature.pintxos.eus\/eu\/wp-json\/wp\/v2\/pages\/7954\/revisions"}],"predecessor-version":[{"id":7955,"href":"https:\/\/miniature.pintxos.eus\/eu\/wp-json\/wp\/v2\/pages\/7954\/revisions\/7955"}],"wp:attachment":[{"href":"https:\/\/miniature.pintxos.eus\/eu\/wp-json\/wp\/v2\/media?parent=7954"}],"curies":[{"name":"wp","href":"https:\/\/api.w.org\/{rel}","templated":true}]}}