{"id":7952,"date":"2019-05-30T18:48:43","date_gmt":"2019-05-30T16:48:43","guid":{"rendered":"https:\/\/miniature.pintxos.eus\/miniature-2019\/"},"modified":"2025-09-01T13:43:40","modified_gmt":"2025-09-01T11:43:40","slug":"miniature-2019","status":"publish","type":"page","link":"https:\/\/miniature.pintxos.eus\/eu\/miniature-2019\/","title":{"rendered":"MINIATURE 2019"},"content":{"rendered":"<p>[vc_row][vc_column][dt_fancy_title title=&#8221;MINIATURE PINTXOS CONGRESS 2019&#8243; title_align=&#8221;left&#8221; title_size=&#8221;h3&#8243; title_color=&#8221;accent&#8221; separator_style=&#8221;double&#8221; separator_color=&#8221;custom&#8221;][vc_empty_space][\/vc_column][\/vc_row][vc_row][vc_column width=&#8221;1\/3&#8243;][dt_fancy_title title=&#8221;ASI FUE MINIATURE 2019&#8243; title_align=&#8221;left&#8221; title_size=&#8221;h4&#8243; title_color=&#8221;accent&#8221; separator_style=&#8221;double&#8221; separator_color=&#8221;custom&#8221;][vc_column_text]Hemos tenido en la\u00a0sexta edici\u00f3n a nombre de primera l\u00ednea como Mario Sandoval y Sergi Arola, a una etsrella del mundo dulce como Elena P\u00e9rez de Carrasco, a los mejores cocineros de pintxos de Euskadi y Navarra, pero tambi\u00e9n de Asturias y Galicia, a lo mejor de la cocina en miniatura alavesa con Sen\u00e9n Gonz\u00e1lez, Edorta Lamo, Josean Merino, Luis Hernani&#8230;. al televisivo Roberto Capone, a Meilan Kao&#8230;<br \/>\nCelebramos la primera edici\u00f3n del Campeonato de Euskadi y Navarra de Pintxos Tradicionales Pan de Masa Lenta MUM&#8230;<br \/>\nVimos nace la gu\u00eda BEST Pintxos &amp; Gastro en una espectacular gala en el Palacio de Congresos Europa&#8230;<br \/>\nY tambi\u00e9n aprendimos a cocinar con los m\u00e1s peques en Miniature Kids, e hicimos la barra de pintxos m\u00e1s grande en el Iradier Arena, y concursamos en Miniature Iron Chef\u2026[\/vc_column_text][vc_empty_space][vc_empty_space][\/vc_column][vc_column width=&#8221;2\/3&#8243;][vc_empty_space][vc_video link=&#8221;https:\/\/youtu.be\/rSR5CSpezmg&#8221;][\/vc_column][\/vc_row][vc_row][vc_column][dt_fancy_title title=&#8221;HOMENAJE A MARIO SANDOVAL Y CENA DE CLAUSURA&#8221; title_align=&#8221;left&#8221; title_size=&#8221;h3&#8243; title_color=&#8221;accent&#8221; separator_style=&#8221;double&#8221; separator_color=&#8221;custom&#8221;][vc_empty_space][\/vc_column][\/vc_row][vc_row][vc_column width=&#8221;2\/3&#8243;][vc_video link=&#8221;https:\/\/youtu.be\/oFzsBnYoJos&#8221;][\/vc_column][vc_column width=&#8221;1\/3&#8243;][vc_column_text]Miniature Pintxos Congress tribut\u00f3 en esta edici\u00f3n 2019 un sincero reconocimiento a la figura y trayectoria de Mario Sandoval, su inquietud en el mundo de la cocina, su intensa dedicaci\u00f3n a la investigaci\u00f3n y a la creatividad y su proximidad y cercan\u00eda al mundo de los pintxos y las tapas.<br \/>\nUn reconocimiento que en las cinco ediciones anteriores fueron para las personalidades de Enrique Fuentes, del bar Tolo\u00f1o de Vitoria-Gasteiz; Diego Guerrero, del DStage Concept de Madrid, Gonzalo Ant\u00f3n, del Restaurante Zaldiaran de Vitoria-Gasteiz, Juan Mari Arzak del Restaurante Arzak de Donostia-San Sebasti\u00e1n, y Roser Torr\u00e1s, fundadora del grupo GSR.<br \/>\nUn acto que tuvo lugar en el contexto de la cena de clausura de Miniature Pintxos Congress 2019.[\/vc_column_text][\/vc_column][\/vc_row][vc_row][vc_column][vc_empty_space][vc_empty_space][dt_fancy_title title=&#8221;TODOS LOS PONENTES DE MINIATURE 2019&#8243; title_align=&#8221;left&#8221; title_size=&#8221;h3&#8243; title_color=&#8221;accent&#8221; separator_style=&#8221;double&#8221; separator_color=&#8221;custom&#8221;][vc_empty_space][\/vc_column][\/vc_row][vc_row][vc_column width=&#8221;1\/3&#8243;][dt_fancy_title title=&#8221;EDORTA LAMO&#8221; title_align=&#8221;left&#8221; title_size=&#8221;h6&#8243; title_color=&#8221;accent&#8221; separator_style=&#8221;double&#8221; separator_color=&#8221;custom&#8221;][vc_empty_space][vc_video link=&#8221;https:\/\/youtu.be\/9W2ueJUOqNA&#8221;][vc_empty_space][\/vc_column][vc_column width=&#8221;1\/3&#8243;][dt_fancy_title title=&#8221;MARIO SANDOVAL&#8221; title_align=&#8221;left&#8221; title_size=&#8221;h6&#8243; title_color=&#8221;accent&#8221; separator_style=&#8221;double&#8221; separator_color=&#8221;custom&#8221;][vc_empty_space][vc_video link=&#8221;https:\/\/youtu.be\/5_X-5oufPSU&#8221;][vc_empty_space][\/vc_column][vc_column width=&#8221;1\/3&#8243;][dt_fancy_title title=&#8221;SERGI AROLA&#8221; title_align=&#8221;left&#8221; title_size=&#8221;h6&#8243; title_color=&#8221;accent&#8221; separator_style=&#8221;double&#8221; separator_color=&#8221;custom&#8221;][vc_empty_space][vc_video link=&#8221;https:\/\/youtu.be\/LKqHQi6TBPc&#8221;][vc_empty_space][\/vc_column][\/vc_row][vc_row][vc_column width=&#8221;1\/3&#8243;][dt_fancy_title title=&#8221;JOS\u00c9 M\u00aa &amp; MEILAN KAO&#8221; title_align=&#8221;left&#8221; title_size=&#8221;h6&#8243; title_color=&#8221;accent&#8221; separator_style=&#8221;double&#8221; separator_color=&#8221;custom&#8221;][vc_empty_space][vc_video link=&#8221;https:\/\/youtu.be\/D7R9UZU-54c&#8221;][vc_empty_space][\/vc_column][vc_column width=&#8221;1\/3&#8243;][dt_fancy_title title=&#8221;ELENA P\u00c9REZ DE CARRASCO&#8221; title_align=&#8221;left&#8221; title_size=&#8221;h6&#8243; title_color=&#8221;accent&#8221; separator_style=&#8221;double&#8221; separator_color=&#8221;custom&#8221;][vc_empty_space][vc_video link=&#8221;https:\/\/youtu.be\/z_dhsJgB5nc&#8221;][vc_empty_space][\/vc_column][vc_column width=&#8221;1\/3&#8243;][dt_fancy_title title=&#8221;SEN\u00c9N GONZ\u00c1LEZ&#8221; title_align=&#8221;left&#8221; title_size=&#8221;h6&#8243; title_color=&#8221;accent&#8221; separator_style=&#8221;double&#8221; separator_color=&#8221;custom&#8221;][vc_empty_space][vc_video link=&#8221;https:\/\/youtu.be\/iXRWG3J9ztw&#8221;][vc_empty_space][\/vc_column][\/vc_row][vc_row][vc_column width=&#8221;1\/3&#8243;][dt_fancy_title title=&#8221;JOSEAN MERINO &amp; LUIS HERNANI&#8221; title_align=&#8221;left&#8221; title_size=&#8221;h6&#8243; title_color=&#8221;accent&#8221; separator_style=&#8221;double&#8221; separator_color=&#8221;custom&#8221;][vc_empty_space][vc_video link=&#8221;https:\/\/youtu.be\/LXKx1z_fVzg&#8221;][vc_empty_space][\/vc_column][vc_column width=&#8221;1\/3&#8243;][dt_fancy_title title=&#8221;MARIANO MIER, CAR. GALLEGO &amp; LUIS MEN\u00c9NDEZ &#8221; title_align=&#8221;left&#8221; title_size=&#8221;h6&#8243; title_color=&#8221;accent&#8221; separator_style=&#8221;double&#8221; separator_color=&#8221;custom&#8221;][vc_empty_space][vc_video link=&#8221;https:\/\/youtu.be\/9ITsQPvs3hQ&#8221;][vc_empty_space][\/vc_column][vc_column width=&#8221;1\/3&#8243;][dt_fancy_title title=&#8221;PABLO PIZARRO, R. GONZ\u00c1LEZ &amp; MIGUEL GONZ\u00c1LEZ &#8221; title_align=&#8221;left&#8221; title_size=&#8221;h6&#8243; title_color=&#8221;accent&#8221; separator_style=&#8221;double&#8221; separator_color=&#8221;custom&#8221;][vc_empty_space][vc_video link=&#8221;https:\/\/youtu.be\/bmFv9hZZC4E&#8221;][vc_empty_space][\/vc_column][\/vc_row][vc_row][vc_column width=&#8221;1\/3&#8243;][dt_fancy_title title=&#8221;JOS\u00c9 ANTONIO DE PARLA &amp; MAIKEL SANTOS&#8221; title_align=&#8221;left&#8221; title_size=&#8221;h6&#8243; title_color=&#8221;accent&#8221; separator_style=&#8221;double&#8221; separator_color=&#8221;custom&#8221;][vc_empty_space][vc_video link=&#8221;https:\/\/youtu.be\/YizrxwoWKc0&#8243;][vc_empty_space][\/vc_column][vc_column width=&#8221;1\/3&#8243;][dt_fancy_title title=&#8221;ROBERTO CAPONE&#8221; title_align=&#8221;left&#8221; title_size=&#8221;h6&#8243; title_color=&#8221;accent&#8221; separator_style=&#8221;double&#8221; separator_color=&#8221;custom&#8221;][vc_empty_space][vc_video link=&#8221;https:\/\/youtu.be\/8midswMBeH4&#8243;][vc_empty_space][\/vc_column][vc_column width=&#8221;1\/3&#8243;][dt_fancy_title title=&#8221;MIKEL MU\u00d1OZ&#8221; title_align=&#8221;left&#8221; title_size=&#8221;h6&#8243; title_color=&#8221;accent&#8221; separator_style=&#8221;double&#8221; separator_color=&#8221;custom&#8221;][vc_empty_space][vc_video link=&#8221;https:\/\/youtu.be\/koDroMtEzro&#8221;][vc_empty_space][\/vc_column][\/vc_row][vc_row][vc_column width=&#8221;1\/3&#8243;][dt_fancy_title title=&#8221;I\u00d1IGO KORTABITARTE&#8221; title_align=&#8221;left&#8221; title_size=&#8221;h6&#8243; title_color=&#8221;accent&#8221; separator_style=&#8221;double&#8221; separator_color=&#8221;custom&#8221;][vc_empty_space][vc_video link=&#8221;https:\/\/youtu.be\/uEIKzIVwXTw&#8221;][vc_empty_space][\/vc_column][vc_column width=&#8221;1\/3&#8243;][dt_fancy_title title=&#8221;JORGE OTXOA&#8221; title_align=&#8221;left&#8221; title_size=&#8221;h6&#8243; title_color=&#8221;accent&#8221; separator_style=&#8221;double&#8221; separator_color=&#8221;custom&#8221;][vc_empty_space][vc_video link=&#8221;https:\/\/youtu.be\/l6ZVV5ZileE&#8221;][vc_empty_space][\/vc_column][vc_column width=&#8221;1\/3&#8243;][dt_fancy_title title=&#8221;JAVIER CARCAS&#8221; title_align=&#8221;left&#8221; title_size=&#8221;h6&#8243; title_color=&#8221;accent&#8221; separator_style=&#8221;double&#8221; separator_color=&#8221;custom&#8221;][vc_empty_space][vc_video link=&#8221;https:\/\/youtu.be\/shW95oytxzw&#8221;][vc_empty_space][\/vc_column][\/vc_row][vc_row][vc_column][vc_empty_space][dt_fancy_title title=&#8221;LOS CONCURSOS EN MINIATURE 2019&#8243; title_align=&#8221;left&#8221; title_size=&#8221;h3&#8243; title_color=&#8221;accent&#8221; separator_style=&#8221;double&#8221; separator_color=&#8221;custom&#8221;][vc_empty_space][\/vc_column][\/vc_row][vc_row][vc_column width=&#8221;1\/2&#8243;][dt_fancy_title title=&#8221;MINIATURE IRON CHEF \u00b7 EN LOS RESTAURANTES&#8221; title_align=&#8221;left&#8221; title_size=&#8221;h4&#8243; title_color=&#8221;accent&#8221; separator_style=&#8221;double&#8221; separator_color=&#8221;custom&#8221;][vc_empty_space][vc_video link=&#8221;https:\/\/youtu.be\/GDIEITfc3ng&#8221;][vc_empty_space][dt_fancy_title title=&#8221;CAMPEONATO PINTXOS TRADICIONALES EUSKADI &amp; NAVARRA&#8221; title_size=&#8221;h4&#8243; title_color=&#8221;accent&#8221; separator_style=&#8221;double&#8221; separator_color=&#8221;custom&#8221;][dt_fancy_title title=&#8221;CLASIFICATORIA&#8221; title_size=&#8221;h4&#8243; title_color=&#8221;accent&#8221; separator_style=&#8221;double&#8221; separator_color=&#8221;custom&#8221;][vc_empty_space][vc_video link=&#8221;https:\/\/youtu.be\/cdt8Pp5xN0s&#8221;][\/vc_column][vc_column width=&#8221;1\/2&#8243;][dt_fancy_title title=&#8221;MINIATURE IRON CHEF \u00b7 LA FINAL&#8221; title_align=&#8221;left&#8221; title_size=&#8221;h4&#8243; title_color=&#8221;accent&#8221; separator_style=&#8221;double&#8221; separator_color=&#8221;custom&#8221;][vc_empty_space][vc_video link=&#8221;https:\/\/youtu.be\/_G7fR4zCVD4&#8243;][vc_empty_space][dt_fancy_title title=&#8221;CAMPEONATO PINTXOS TRADICIONALES EUSKADI &amp; NAVARRA&#8221; title_size=&#8221;h4&#8243; title_color=&#8221;accent&#8221; separator_style=&#8221;double&#8221; separator_color=&#8221;custom&#8221;][dt_fancy_title title=&#8221;LA FINAL&#8221; title_size=&#8221;h4&#8243; title_color=&#8221;accent&#8221; separator_style=&#8221;double&#8221; separator_color=&#8221;custom&#8221;][vc_empty_space][vc_video link=&#8221;https:\/\/youtu.be\/Udx-Aoz5mNs&#8221;][\/vc_column][\/vc_row][vc_row][vc_column][vc_empty_space][vc_empty_space][dt_fancy_title title=&#8221;BEST PINTXOS &amp; GASTRO \u00b7 LA GU\u00cdA DE PINTXOS \u00b7 LA GALA&#8221; title_align=&#8221;left&#8221; title_size=&#8221;h3&#8243; title_color=&#8221;accent&#8221; separator_style=&#8221;double&#8221; separator_color=&#8221;custom&#8221;][vc_empty_space][\/vc_column][\/vc_row][vc_row][vc_column width=&#8221;2\/3&#8243;][vc_video link=&#8221;https:\/\/youtu.be\/NlkOZphiocE&#8221;][vc_empty_space][\/vc_column][vc_column width=&#8221;1\/3&#8243;][vc_empty_space][vc_column_text]BEST Pintxos &amp; Gastro public\u00f3 su primera edici\u00f3n distinguiendo a 17 establecimientos de Euskadi y Navarra con su m\u00e1ximo galard\u00f3n, los tres Eguzkilore, en la gala que se celebr\u00f3 en el Palacio de Congresos Europa de Vitoria-Gasteiz en el contexto de Miniature Pintxos Congress 2019.<br \/>\nTres establecimientos alaveses, dos de Bizkaia, nueve de Gipuzkoa y tres de Navarra conforman el selecto club de los mejores establecimientos de pintxos de Euskadi y Navarra, que nace para ser un referente de promoci\u00f3n e informaci\u00f3n tur\u00edstica, al mismo tiempo que un incentivo para los cocineros y empresas de Hosteler\u00eda de ambas comunidades.<br \/>\n<a href=\"https:\/\/miniature.pintxos.eus\/la-guia-best-pintxos-gastro-destaca-a-17-establecimientos-en-euskadi-y-navarra-con-tres-eguzkilore\/\" target=\"_blank\">Aqu\u00ed tienes m\u00e1s informaci\u00f3n<\/a>[\/vc_column_text][\/vc_column][\/vc_row][vc_row][vc_column][vc_empty_space][vc_empty_space][\/vc_column][\/vc_row][vc_row][vc_column width=&#8221;1\/2&#8243;][dt_fancy_title title=&#8221;CENA DE CAMPEONES&#8221; title_align=&#8221;left&#8221; title_size=&#8221;h3&#8243; title_color=&#8221;accent&#8221; separator_style=&#8221;double&#8221; separator_color=&#8221;custom&#8221;][vc_empty_space][vc_video link=&#8221;https:\/\/youtu.be\/yMYh2v9tvv0&#8243;][vc_empty_space][dt_fancy_title title=&#8221;LA BARRA DE PINTXOS&#8221; title_align=&#8221;left&#8221; title_size=&#8221;h3&#8243; title_color=&#8221;accent&#8221; separator_style=&#8221;double&#8221; separator_color=&#8221;custom&#8221;][vc_empty_space][vc_video link=&#8221;https:\/\/youtu.be\/HEsawDG6sSE&#8221;][\/vc_column][vc_column width=&#8221;1\/2&#8243;][dt_fancy_title title=&#8221;CENA ASTURIAS &amp; GALICIA DE TAPAS&#8221; title_align=&#8221;left&#8221; title_size=&#8221;h3&#8243; title_color=&#8221;accent&#8221; separator_style=&#8221;double&#8221; separator_color=&#8221;custom&#8221;][vc_empty_space][vc_video link=&#8221;https:\/\/youtu.be\/v3ULmSWioYU&#8221;][vc_empty_space][dt_fancy_title title=&#8221;MINIATURE KIDS&#8221; title_align=&#8221;left&#8221; title_size=&#8221;h3&#8243; title_color=&#8221;accent&#8221; separator_style=&#8221;double&#8221; separator_color=&#8221;custom&#8221;][vc_empty_space][vc_video link=&#8221;https:\/\/youtu.be\/9zD_97k4m0U&#8221;][\/vc_column][\/vc_row][vc_row][vc_column][vc_empty_space][vc_empty_space][vc_widget_sidebar sidebar_id=&#8221;sidebar_3&#8243;][\/vc_column][\/vc_row]<\/p>\n","protected":false},"excerpt":{"rendered":"<p>[vc_row][vc_column][dt_fancy_title title=&#8221;MINIATURE PINTXOS CONGRESS 2019&#8243; title_align=&#8221;left&#8221; title_size=&#8221;h3&#8243; title_color=&#8221;accent&#8221; separator_style=&#8221;double&#8221; separator_color=&#8221;custom&#8221;][vc_empty_space][\/vc_column][\/vc_row][vc_row][vc_column width=&#8221;1\/3&#8243;][dt_fancy_title title=&#8221;ASI FUE MINIATURE 2019&#8243; title_align=&#8221;left&#8221; title_size=&#8221;h4&#8243; title_color=&#8221;accent&#8221; separator_style=&#8221;double&#8221; separator_color=&#8221;custom&#8221;][vc_column_text]Hemos tenido en la\u00a0sexta edici\u00f3n a nombre de primera l\u00ednea como Mario Sandoval y Sergi Arola, a una etsrella del mundo dulce como Elena P\u00e9rez de Carrasco, a los mejores cocineros de pintxos de Euskadi y [&hellip;]<\/p>\n","protected":false},"author":4,"featured_media":0,"parent":0,"menu_order":0,"comment_status":"closed","ping_status":"closed","template":"","meta":{"footnotes":""},"class_list":["post-7952","page","type-page","status-publish","hentry"],"_links":{"self":[{"href":"https:\/\/miniature.pintxos.eus\/eu\/wp-json\/wp\/v2\/pages\/7952","targetHints":{"allow":["GET"]}}],"collection":[{"href":"https:\/\/miniature.pintxos.eus\/eu\/wp-json\/wp\/v2\/pages"}],"about":[{"href":"https:\/\/miniature.pintxos.eus\/eu\/wp-json\/wp\/v2\/types\/page"}],"author":[{"embeddable":true,"href":"https:\/\/miniature.pintxos.eus\/eu\/wp-json\/wp\/v2\/users\/4"}],"replies":[{"embeddable":true,"href":"https:\/\/miniature.pintxos.eus\/eu\/wp-json\/wp\/v2\/comments?post=7952"}],"version-history":[{"count":1,"href":"https:\/\/miniature.pintxos.eus\/eu\/wp-json\/wp\/v2\/pages\/7952\/revisions"}],"predecessor-version":[{"id":7953,"href":"https:\/\/miniature.pintxos.eus\/eu\/wp-json\/wp\/v2\/pages\/7952\/revisions\/7953"}],"wp:attachment":[{"href":"https:\/\/miniature.pintxos.eus\/eu\/wp-json\/wp\/v2\/media?parent=7952"}],"curies":[{"name":"wp","href":"https:\/\/api.w.org\/{rel}","templated":true}]}}