{"id":7949,"date":"2021-03-14T12:32:28","date_gmt":"2021-03-14T11:32:28","guid":{"rendered":"https:\/\/miniature.pintxos.eus\/miniature-2020\/"},"modified":"2025-09-01T13:42:05","modified_gmt":"2025-09-01T11:42:05","slug":"miniature-2020","status":"publish","type":"page","link":"https:\/\/miniature.pintxos.eus\/eu\/miniature-2020\/","title":{"rendered":"Miniature 2020"},"content":{"rendered":"<p>[vc_row][vc_column][dt_fancy_title title=&#8221;MINIATURE PINTXOS CONGRESS 2020&#8243; title_align=&#8221;left&#8221; title_size=&#8221;h3&#8243; title_color=&#8221;accent&#8221; separator_style=&#8221;double&#8221; separator_color=&#8221;custom&#8221;][vc_empty_space][\/vc_column][\/vc_row][vc_row][vc_column width=&#8221;1\/3&#8243;][dt_fancy_title title=&#8221;ASI FUE MINIATURE 2020&#8243; title_align=&#8221;left&#8221; title_size=&#8221;h4&#8243; title_color=&#8221;accent&#8221; separator_style=&#8221;double&#8221; separator_color=&#8221;custom&#8221;][vc_column_text]Paco Roncero, Luis Ar\u00e9valo, Antonio Arrabal, David L\u00f3pez&#8230; fueron algunos de los chefs que acudieron a Vitoria-Gasteiz para a esta s\u00e9ptima edici\u00f3n de Miniature Pintxos Congress, que se desarroll\u00f3 de forma presencial y en los restaurante de la ciudad del 25 al 29 de octubre, en el contexto de las restricciones de movilidad y reuni\u00f3n que la pandemia por Covid19 nos impuso.<br \/>\nAdem\u00e1s, estuvieron en el congreso los grandes campeones vascos y navarros de pintxos, disfrutamos de comidas y cenas experienciales en torno al pintxo y vivimos la competici\u00f3n culinaria en torno a Miniature Iron Chef y el Campeonato de Euskadi y Navarra de Pintxos Tradicionales. Homenajeamos a I\u00f1aki L\u00f3pez de Vi\u00f1aspre y la gu\u00eda Best reconoci\u00f3 a las asociaci\u00f3n de Hosteler\u00eda.[\/vc_column_text][\/vc_column][vc_column width=&#8221;2\/3&#8243;][vc_video link=&#8221;https:\/\/youtu.be\/-Sx0L7tZ_xI&#8221;][vc_column_text]<strong>PACO RONCERO.<br \/>\n<\/strong>Ponencia en Miniature Pintxos Congress.\u00a0Mi\u00e9rcoles, 28 de octubre de 2020. Asador Sagartoki[\/vc_column_text][\/vc_column][\/vc_row][vc_row][vc_column][vc_empty_space height=&#8221;45&#8243;][dt_fancy_title title=&#8221;M\u00c1S PONENCIAS DE MINIATURE 2020&#8243; title_align=&#8221;left&#8221; title_size=&#8221;h3&#8243; title_color=&#8221;accent&#8221; separator_style=&#8221;double&#8221; separator_color=&#8221;custom&#8221;][vc_empty_space][\/vc_column][\/vc_row][vc_row][vc_column width=&#8221;1\/3&#8243;][dt_fancy_title title=&#8221;PASCAL ETCHEVERRIA &amp; ANDONI P\u00c9REZ&#8221; title_align=&#8221;left&#8221; title_size=&#8221;h6&#8243; title_color=&#8221;accent&#8221; separator_style=&#8221;double&#8221; separator_color=&#8221;custom&#8221;][vc_empty_space][vc_video link=&#8221;https:\/\/youtu.be\/P0z20LvDDfc&#8221;][vc_column_text]<strong>Pascal Etcheverria.<\/strong><br \/>\nCampe\u00f3n del Mundo de Pintxos. Valladolid 2019<br \/>\n<strong>Andoni P\u00e9rez. Bar Kiska de Ermua.<\/strong><br \/>\nCampe\u00f3n de Bizkaia de Pintxos 2019<br \/>\n<strong>Bar Tolo\u00f1o.<\/strong><br \/>\nLunes, 26 de octubre de 2020[\/vc_column_text][vc_empty_space][\/vc_column][vc_column width=&#8221;1\/3&#8243;][dt_fancy_title title=&#8221;LUIS AR\u00c9VALO &amp; CARLOS D\u00c1VALOS&#8221; title_align=&#8221;left&#8221; title_size=&#8221;h6&#8243; title_color=&#8221;accent&#8221; separator_style=&#8221;double&#8221; separator_color=&#8221;custom&#8221;][vc_empty_space][vc_video link=&#8221;https:\/\/youtu.be\/POYJZdE39Bc&#8221;][vc_column_text]<strong>Luis Ar\u00e9valo. Restaurante Gaman de Madrid<\/strong><br \/>\nCocina Nikkei.<br \/>\n<strong>Carlos D\u00e1valos. Waska de Vitoria-Gasteiz<\/strong><br \/>\nCampe\u00f3n de Araba de Pintxos 2019.<br \/>\n<strong>Restaurante Mano Lenta.<\/strong><br \/>\nLunes, 26 de octubre de 2020[\/vc_column_text][\/vc_column][vc_column width=&#8221;1\/3&#8243;][dt_fancy_title title=&#8221;ANTONIO ARRABAL &amp; JAVIER RUIZ &amp; MIKEL FIESTRAS&#8221; title_align=&#8221;left&#8221; title_size=&#8221;h6&#8243; title_color=&#8221;accent&#8221; separator_style=&#8221;double&#8221; separator_color=&#8221;custom&#8221;][vc_empty_space][vc_video link=&#8221;https:\/\/youtu.be\/nQmFmg-XOeM&#8221;][vc_column_text]<strong>Antonio Arrabal y J. Ruiz. La Jamada de Burgos.<\/strong><br \/>\nCampe\u00f3n de Espa\u00f1a de Pintxos. Valladolid 2019<br \/>\n<strong>Mikel Fiestras. La Regadera-Vitoria-Gasteiz.<\/strong><br \/>\nCampe\u00f3n de\u00a0\u00c1lava de Pintxos 2020.<br \/>\n<strong>Restaurante PerretxiCo.<\/strong><br \/>\nMartes, 27 de octubre de 2020[\/vc_column_text][vc_empty_space][\/vc_column][\/vc_row][vc_row][vc_column width=&#8221;1\/3&#8243;][dt_fancy_title title=&#8221;DAVID L\u00d3PEZ&#8221; title_align=&#8221;left&#8221; title_size=&#8221;h6&#8243; title_color=&#8221;accent&#8221; separator_style=&#8221;double&#8221; separator_color=&#8221;custom&#8221;][vc_empty_space][vc_video link=&#8221;https:\/\/youtu.be\/Ua4yZtvpX48&#8243;][vc_column_text]<strong>David L\u00f3pez.<\/strong><br \/>\nRestaurante Local de Ensayo<br \/>\nMurcia<br \/>\n<strong>Restaurante Kotarro.<\/strong><br \/>\nMartes, 27 de octubre de 2020[\/vc_column_text][vc_empty_space][\/vc_column][vc_column width=&#8221;1\/3&#8243;][dt_fancy_title title=&#8221;MIKEL MU\u00d1OZ &amp; DAVID RODR\u00cdGUEZ&#8221; title_align=&#8221;left&#8221; title_size=&#8221;h6&#8243; title_color=&#8221;accent&#8221; separator_style=&#8221;double&#8221; separator_color=&#8221;custom&#8221;][vc_empty_space][vc_video link=&#8221;https:\/\/youtu.be\/jChGMdmYE6k&#8221;][vc_column_text]<strong>Mikel Mu\u00f1oz.\u00a0Bar Gran Sol de Hondarribia.<\/strong><br \/>\nCampe\u00f3n de Gipuzkoa de Pintxos 2019<br \/>\n<strong>David Rodr\u00edguez. Danako Jatetxea de Irun.<\/strong><br \/>\nCampe\u00f3n de Euskal Herria de Pintxos 2019<br \/>\n<strong>Restaurante Andere.<\/strong><br \/>\nMi\u00e9rcoles, 28 de octubre de 2020[\/vc_column_text][vc_empty_space][\/vc_column][vc_column width=&#8221;1\/3&#8243;][dt_fancy_title title=&#8221;EN IM\u00c1GENES&#8221; title_align=&#8221;left&#8221; title_size=&#8221;h6&#8243; title_color=&#8221;accent&#8221; separator_style=&#8221;double&#8221; separator_color=&#8221;custom&#8221;][vc_empty_space][vc_video link=&#8221;https:\/\/youtu.be\/aghfqCFIoy8&#8243;][vc_empty_space][\/vc_column][\/vc_row][vc_row][vc_column][dt_fancy_title title=&#8221;HOMENAJE A I\u00d1AKI L\u00d3PEZ DE VI\u00d1ASPRE&#8221; title_align=&#8221;left&#8221; title_size=&#8221;h3&#8243; title_color=&#8221;accent&#8221; separator_style=&#8221;double&#8221; separator_color=&#8221;custom&#8221;][vc_empty_space][\/vc_column][\/vc_row][vc_row][vc_column width=&#8221;2\/3&#8243;][vc_video link=&#8221;https:\/\/youtu.be\/waZOSLKqhVU&#8221;][\/vc_column][vc_column width=&#8221;1\/3&#8243;][vc_column_text]I\u00f1aki L\u00f3pez de Vi\u00f1aspre, impulsor y cabeza visible del Grupo Sagardi, recibi\u00f3 el homenaje 2020 de Miniature Pintxos Congress de manos de su Director, Rub\u00e9n Gonz\u00e1lez en reconocimientos a su trayectoria y divulgaci\u00f3n de la gastronom\u00eda vasca por el mundo.\u00a0I\u00f1aki L\u00f3pez de Vi\u00f1aspre se vio arropado en el acto por Javier Hurtado, Consejero de Turismo y\u00a0Comercio del Gobierno Vasco; Ramiro Gonz\u00e1lez, Diputado General de \u00c1lava; Gorka Urtaran, Alcalde\u00a0de Vitoria-Gasteiz; Daniel Solana Director de Basquetour y Rub\u00e9n Gonz\u00e1lez, Director de Miniature; as\u00ed como representantes de la Fundaci\u00f3n Vital, de SEA.<br \/>\n<a href=\"https:\/\/miniature.pintxos.eus\/premio-lopez-vinaspre-sagardi-miniature\/\" target=\"_blank\">+ INFO<\/a>[\/vc_column_text][\/vc_column][\/vc_row][vc_row][vc_column][vc_empty_space][dt_fancy_title title=&#8221;LOS CONCURSOS EN MINIATURE 2020&#8243; title_align=&#8221;left&#8221; title_size=&#8221;h3&#8243; title_color=&#8221;accent&#8221; separator_style=&#8221;double&#8221; separator_color=&#8221;custom&#8221;][vc_empty_space][\/vc_column][\/vc_row][vc_row][vc_column width=&#8221;1\/3&#8243;][dt_fancy_title title=&#8221;MINIATURE IRON CHEF&#8221; title_align=&#8221;left&#8221; title_size=&#8221;h4&#8243; title_color=&#8221;accent&#8221; separator_style=&#8221;double&#8221; separator_color=&#8221;custom&#8221;][vc_column_text]\u201cCerdo esf\u00e9rico\u201d el pintxo creado por el equipo de Bizkaia formado por Andoni P\u00e9rez del Kiska de Ermua, I\u00f1igo Kortabitarte del Kobika de Durango e Igor Ruiz de Gastroteka XXI de Bilbao fue el vencedor del Miniature Iron Chef, el concurso por equipos celebrado en el congreso de pintxos de Vitoria-Gasteiz.<\/p>\n<p>Se trata de un pan indio relleno de un guiso tradicional de cochinillo al curry, salsa de mango y cacahuete, pralin\u00e9 de boletus y piel crujiente de cochinillo.<\/p>\n<p><a href=\"https:\/\/miniature.pintxos.eus\/bizkaia-ganador-de-miniature-iron-chef-2020\/\" target=\"_blank\">+ INFO<\/a>[\/vc_column_text][\/vc_column][vc_column width=&#8221;2\/3&#8243;][vc_video link=&#8221;https:\/\/youtu.be\/j6ybBMJLQcI&#8221;][vc_empty_space height=&#8221;50&#8243;][\/vc_column][\/vc_row][vc_row][vc_column width=&#8221;1\/2&#8243;][dt_fancy_title title=&#8221;CAMPEONATO EUSKADI Y NAVARRA PINTXOS TRADICIONALES&#8221; title_align=&#8221;left&#8221; title_size=&#8221;h4&#8243; title_color=&#8221;accent&#8221; separator_style=&#8221;double&#8221; separator_color=&#8221;custom&#8221;][vc_empty_space height=&#8221;20&#8243;][dt_fancy_title title=&#8221;LA FINAL&#8221; title_align=&#8221;left&#8221; title_size=&#8221;h6&#8243; title_color=&#8221;accent&#8221; separator_style=&#8221;double&#8221; separator_color=&#8221;custom&#8221;][vc_empty_space height=&#8221;20&#8243;][vc_video link=&#8221;https:\/\/youtu.be\/gAesZ_y10GM&#8221;][\/vc_column][vc_column width=&#8221;1\/2&#8243;][vc_column_text]\u201cTxamaka\u201d de I\u00f1igo y Koldo Kortabitarte del Kobika de Durango se alzaron con la txapela de vencedores de la segunda edici\u00f3n del Campeonato de Pintxos Tradicionales de Euskadi y Navarra , que se ha celebrado hoy en el Palacio de Congresos Europa de Vitoria-Gasteiz en el contexto de Miniature Pintxos Congress.\u00a0El pintxo es un txangurro tradicional, con bacalao y jugo de pimiento asado sobre un pan tostado con mantequilla y salsa de higos agridulce; que cautiv\u00f3 al jurado de la final.<\/p>\n<p>En segunda posici\u00f3n se clasificaron Luis Hernani y Juan Garc\u00eda del Mano Lenta de Vitoria-Gasteiz con \u201cAntxoa y punto\u201d, basado en un pintxo de toda la vida de anchoa rebozada, con panceta ib\u00e9rica, alioli y la espina de la propia anchoa frita y crujiente.\u00a0Y tercero fue David Rodr\u00edguez del Danako de Irun con \u201cAntxue\u201d, una anchoa marinada en casa con una piperrada de piquillo de temporada, acompa\u00f1ada de un ali oli de ajonegro y mayonesa de escabeche.<\/p>\n<p><a href=\"http:\/\/www.campeonatodepintxos.com\/txamaka-de-los-hermanos-kortabitarte-de-durango-mejor-pintxo-tradicional-de-euskadi-y-navarra-2020\/\" target=\"_blank\">+ INFO<\/a>[\/vc_column_text][\/vc_column][\/vc_row][vc_row][vc_column width=&#8221;1\/2&#8243;][vc_empty_space height=&#8221;70&#8243;][dt_fancy_title title=&#8221;PRIMERA SEMIFINAL&#8221; title_align=&#8221;left&#8221; title_size=&#8221;h6&#8243; title_color=&#8221;accent&#8221; separator_style=&#8221;double&#8221; separator_color=&#8221;custom&#8221;][vc_empty_space height=&#8221;20&#8243;][vc_video link=&#8221;https:\/\/youtu.be\/ze-VvnYBJEU&#8221;][\/vc_column][vc_column width=&#8221;1\/2&#8243;][vc_empty_space height=&#8221;70&#8243;][dt_fancy_title title=&#8221;SEGUNDA SEMIFINAL&#8221; title_align=&#8221;left&#8221; title_size=&#8221;h6&#8243; title_color=&#8221;accent&#8221; separator_style=&#8221;double&#8221; separator_color=&#8221;custom&#8221;][vc_empty_space height=&#8221;20&#8243;][vc_video link=&#8221;https:\/\/youtu.be\/Xs76hBg3IV0&#8243;][\/vc_column][\/vc_row][vc_row][vc_column][vc_empty_space][vc_empty_space][dt_fancy_title title=&#8221;CENA DE CAMPEONES &amp; CLAUSURA&#8221; title_align=&#8221;left&#8221; title_size=&#8221;h3&#8243; title_color=&#8221;accent&#8221; separator_style=&#8221;double&#8221; separator_color=&#8221;custom&#8221;][vc_empty_space][\/vc_column][\/vc_row][vc_row][vc_column width=&#8221;2\/3&#8243;][vc_video link=&#8221;https:\/\/youtu.be\/iUh1SQFcziA&#8221;][vc_empty_space][\/vc_column][vc_column width=&#8221;1\/3&#8243;][\/vc_column][\/vc_row][vc_row][vc_column width=&#8221;1\/4&#8243;][vc_empty_space][\/vc_column][vc_column width=&#8221;1\/4&#8243;][vc_single_image image=&#8221;4652&#8243; img_size=&#8221;1200&#215;1700&#8243;][\/vc_column][vc_column width=&#8221;2\/4&#8243;][vc_column_text]La Cena de Campeones es uno de los eventos referencia de Miniature Pintxos Congress y en este 2020 fue tambi\u00e9n la que clausur\u00f3 la s\u00e9ptima edici\u00f3n del congreso, acogiendo el homenaje a I\u00f1aki L\u00f3pez de Vi\u00f1aspre y el que tribut\u00f3 la gu\u00eda Best Pintxos &amp; Gastro a las asociaciones de Hosteler\u00eda de Euskadi y Navarra. Oficiaron el men\u00fa:<br \/>\n<strong>Carlos D\u00e1valos<\/strong>. Restaurante Waska. Vitoria-Gasteiz. Campe\u00f3n de \u00c1lava de Pintxos 2019.\u00a0<strong>Andoni P\u00e9rez<\/strong>. Restaurante Kiska. Ermua. Campe\u00f3n de Bizkaia de Pintxos 2019.\u00a0<strong>Mikel Mu\u00f1oz &amp; Mika Pop<\/strong>. Bar Gran Sol. Hondarribia. Campe\u00f3n de Gipuzkoa de Pintxos 2019.\u00a0<strong>David Rodr\u00edguez &amp; Naiara Abando<\/strong>. Danako Jatetxea. Irun. Campe\u00f3n de Euskal Herria de Pintxos 2019.\u00a0<strong>Antonio Arrabal y Javier Ruiz.<\/strong> Restaurante La Jamada Burgos. Campe\u00f3n de Espa\u00f1a de Pintxos. Valladolid 2019.\u00a0<strong>Pascal Etcheverria.<\/strong> Iparralde. Campe\u00f3n del Mundo de Pintxos. Valladolid 2019.[\/vc_column_text][\/vc_column][\/vc_row][vc_row][vc_column][vc_empty_space][vc_empty_space][dt_fancy_title title=&#8221;BEST PINTXO &amp; GASTRO HOMENAJE\u00d3 A LAS ASOCIACIONES DE HOSTELERIA DE EUSKADI Y NAVARRA&#8221; title_align=&#8221;left&#8221; title_size=&#8221;h3&#8243; title_color=&#8221;accent&#8221; separator_style=&#8221;double&#8221; separator_color=&#8221;custom&#8221;][vc_empty_space][\/vc_column][\/vc_row][vc_row][vc_column width=&#8221;1\/4&#8243;][vc_column_text]Miniature Pintxos Congress y su gu\u00eda BEST Pintxos &amp; Gastro han reconocido en este 2020 con sus tres Eguzkilores al sector de Hosteler\u00eda de Euskadi y Navarra. El premio se ha entregado en la clausura del congreso de pintxos en Vitoria-Gasteiz.<br \/>\nBEST Pintxos &amp; Gastro, que distingue desde 2019 con hasta tres EGUZKILORE a los bares de pintxos de Euskadi y Navarra, ha emitido esta \u00fanica distinci\u00f3n y de tres EGUZKILORES al sector de Hosteler\u00eda en su conjunto, como reconocimiento a su esfuerzo abnegado por mantener la calidad de sus servicios cumpliendo con los protocolos sanitarios\u00a0en un 2020 marcado por la pandemia Covid19.[\/vc_column_text][\/vc_column][vc_column width=&#8221;3\/4&#8243;][vc_single_image image=&#8221;4614&#8243; img_size=&#8221;1800&#215;1200&#8243;][vc_empty_space][\/vc_column][\/vc_row][vc_row][vc_column width=&#8221;1\/4&#8243;][dt_fancy_separator separator_color=&#8221;accent&#8221;][vc_column_text]<strong>Javier Hurtado<\/strong>, Consejero de Hosteler\u00eda y Turismo del Gobierno Vasco entreg\u00f3 la distinci\u00f3n a la Asociaci\u00f3n de Empresarios de Hosteler\u00eda de Bizkaia, que recogi\u00f3 <strong>Tom\u00e1s S\u00e1nchez<\/strong>, Vicepresidente, en su representaci\u00f3n.[\/vc_column_text][\/vc_column][vc_column width=&#8221;1\/4&#8243;][dt_fancy_separator separator_color=&#8221;accent&#8221;][vc_column_text]<strong>Ramiro Gonz\u00e1lez<\/strong>, Diputado General de \u00c1lava, y <strong>Gorka Urtaran<\/strong>, Alcalde Vitoria-Gasteiz, lo hicieron a SEA Hosteler\u00eda, que recogi\u00f3 <strong>Carlos Antol\u00edn<\/strong>, Vicepresidente.[\/vc_column_text][\/vc_column][vc_column width=&#8221;1\/4&#8243;][dt_fancy_separator separator_color=&#8221;accent&#8221;][vc_column_text]<strong>Daniel Solana<\/strong>, Director de Basquetour, hizo la entrega a la Asociaci\u00f3n de Empresarios de Hosteler\u00eda de Gipuzkoa, que recogi\u00f3 en su representaci\u00f3n <strong>\u00c1ngel Ibarlucea<\/strong>, Vicepresidente.<\/p>\n<p>.[\/vc_column_text][\/vc_column][vc_column width=&#8221;1\/4&#8243;][dt_fancy_separator separator_color=&#8221;accent&#8221;][vc_column_text]<strong>Rub\u00e9n Gonz\u00e1lez<\/strong>, Director de Miniature Pintxos Congress, entreg\u00f3 la distinci\u00f3n a la Asociaci\u00f3n de Turismo y Hosteler\u00eda de Navarra y a la Asociaci\u00f3n Navarra de Peque\u00f1a Empresa de Hosteler\u00eda, que recogi\u00f3 en su representaci\u00f3n <strong>Aaron Ort\u00edz<\/strong>.<\/p>\n<p>.[\/vc_column_text][\/vc_column][\/vc_row][vc_row][vc_column][vc_empty_space][vc_widget_sidebar sidebar_id=&#8221;sidebar_3&#8243;][\/vc_column][\/vc_row]<\/p>\n","protected":false},"excerpt":{"rendered":"<p>[vc_row][vc_column][dt_fancy_title title=&#8221;MINIATURE PINTXOS CONGRESS 2020&#8243; title_align=&#8221;left&#8221; title_size=&#8221;h3&#8243; title_color=&#8221;accent&#8221; separator_style=&#8221;double&#8221; separator_color=&#8221;custom&#8221;][vc_empty_space][\/vc_column][\/vc_row][vc_row][vc_column width=&#8221;1\/3&#8243;][dt_fancy_title title=&#8221;ASI FUE MINIATURE 2020&#8243; title_align=&#8221;left&#8221; title_size=&#8221;h4&#8243; title_color=&#8221;accent&#8221; separator_style=&#8221;double&#8221; separator_color=&#8221;custom&#8221;][vc_column_text]Paco Roncero, Luis Ar\u00e9valo, Antonio Arrabal, David L\u00f3pez&#8230; fueron algunos de los chefs que acudieron a Vitoria-Gasteiz para a esta s\u00e9ptima edici\u00f3n de Miniature Pintxos Congress, que se desarroll\u00f3 de forma presencial y en los restaurante [&hellip;]<\/p>\n","protected":false},"author":4,"featured_media":0,"parent":0,"menu_order":0,"comment_status":"closed","ping_status":"closed","template":"","meta":{"footnotes":""},"class_list":["post-7949","page","type-page","status-publish","hentry"],"_links":{"self":[{"href":"https:\/\/miniature.pintxos.eus\/eu\/wp-json\/wp\/v2\/pages\/7949","targetHints":{"allow":["GET"]}}],"collection":[{"href":"https:\/\/miniature.pintxos.eus\/eu\/wp-json\/wp\/v2\/pages"}],"about":[{"href":"https:\/\/miniature.pintxos.eus\/eu\/wp-json\/wp\/v2\/types\/page"}],"author":[{"embeddable":true,"href":"https:\/\/miniature.pintxos.eus\/eu\/wp-json\/wp\/v2\/users\/4"}],"replies":[{"embeddable":true,"href":"https:\/\/miniature.pintxos.eus\/eu\/wp-json\/wp\/v2\/comments?post=7949"}],"version-history":[{"count":1,"href":"https:\/\/miniature.pintxos.eus\/eu\/wp-json\/wp\/v2\/pages\/7949\/revisions"}],"predecessor-version":[{"id":7951,"href":"https:\/\/miniature.pintxos.eus\/eu\/wp-json\/wp\/v2\/pages\/7949\/revisions\/7951"}],"wp:attachment":[{"href":"https:\/\/miniature.pintxos.eus\/eu\/wp-json\/wp\/v2\/media?parent=7949"}],"curies":[{"name":"wp","href":"https:\/\/api.w.org\/{rel}","templated":true}]}}