{"id":7872,"date":"2024-08-30T13:45:59","date_gmt":"2024-08-30T11:45:59","guid":{"rendered":"https:\/\/miniature.pintxos.eus\/miniature-kids\/"},"modified":"2025-09-03T12:07:53","modified_gmt":"2025-09-03T10:07:53","slug":"miniature-kids","status":"publish","type":"page","link":"https:\/\/miniature.pintxos.eus\/eu\/miniature-kids\/","title":{"rendered":"Miniature Kids"},"content":{"rendered":"\t\t<div data-elementor-type=\"wp-page\" data-elementor-id=\"7872\" class=\"elementor elementor-7872 elementor-6605\" data-elementor-post-type=\"page\">\n\t\t\t\t<div class=\"elementor-element elementor-element-078d51c e-con-full elementor-hidden-mobile e-flex e-con e-parent\" data-id=\"078d51c\" data-element_type=\"container\" data-settings=\"{&quot;background_background&quot;:&quot;classic&quot;}\">\n\t\t\t\t<div class=\"elementor-element elementor-element-0985203 elementor-widget__width-inherit elementor-invisible elementor-widget elementor-widget-image\" data-id=\"0985203\" data-element_type=\"widget\" data-settings=\"{&quot;_animation&quot;:&quot;fadeIn&quot;}\" data-widget_type=\"image.default\">\n\t\t\t\t<div class=\"elementor-widget-container\">\n\t\t\t\t\t\t\t\t\t\t\t\t\t\t\t<img fetchpriority=\"high\" decoding=\"async\" width=\"2055\" height=\"707\" src=\"https:\/\/miniature.pintxos.eus\/wp-content\/uploads\/2025\/07\/miniature-cartel-web-02.jpg\" class=\"attachment-full size-full wp-image-7835\" alt=\"\" srcset=\"https:\/\/miniature.pintxos.eus\/wp-content\/uploads\/2025\/07\/miniature-cartel-web-02.jpg 2055w, https:\/\/miniature.pintxos.eus\/wp-content\/uploads\/2025\/07\/miniature-cartel-web-02-300x103.jpg 300w, https:\/\/miniature.pintxos.eus\/wp-content\/uploads\/2025\/07\/miniature-cartel-web-02-1024x352.jpg 1024w, https:\/\/miniature.pintxos.eus\/wp-content\/uploads\/2025\/07\/miniature-cartel-web-02-768x264.jpg 768w, https:\/\/miniature.pintxos.eus\/wp-content\/uploads\/2025\/07\/miniature-cartel-web-02-1536x528.jpg 1536w, https:\/\/miniature.pintxos.eus\/wp-content\/uploads\/2025\/07\/miniature-cartel-web-02-2048x705.jpg 2048w, https:\/\/miniature.pintxos.eus\/wp-content\/uploads\/2025\/07\/miniature-cartel-web-02-600x206.jpg 600w\" sizes=\"(max-width: 2055px) 100vw, 2055px\" \/>\t\t\t\t\t\t\t\t\t\t\t\t\t\t\t<\/div>\n\t\t\t\t<\/div>\n\t\t\t\t<\/div>\n\t\t<div class=\"elementor-element elementor-element-851c9ca e-con-full elementor-hidden-desktop elementor-hidden-tablet e-flex e-con e-parent\" data-id=\"851c9ca\" data-element_type=\"container\" data-settings=\"{&quot;background_background&quot;:&quot;classic&quot;}\">\n\t\t\t\t<div class=\"elementor-element elementor-element-d1b6ef1 elementor-widget__width-inherit elementor-invisible elementor-widget elementor-widget-image\" data-id=\"d1b6ef1\" data-element_type=\"widget\" data-settings=\"{&quot;_animation&quot;:&quot;fadeIn&quot;}\" data-widget_type=\"image.default\">\n\t\t\t\t<div class=\"elementor-widget-container\">\n\t\t\t\t\t\t\t\t\t\t\t\t\t\t\t<img decoding=\"async\" width=\"1240\" height=\"1386\" src=\"https:\/\/miniature.pintxos.eus\/wp-content\/uploads\/2025\/07\/miniature-cartel-web-01.jpg\" class=\"attachment-full size-full wp-image-7834\" alt=\"\" srcset=\"https:\/\/miniature.pintxos.eus\/wp-content\/uploads\/2025\/07\/miniature-cartel-web-01.jpg 1240w, https:\/\/miniature.pintxos.eus\/wp-content\/uploads\/2025\/07\/miniature-cartel-web-01-268x300.jpg 268w, https:\/\/miniature.pintxos.eus\/wp-content\/uploads\/2025\/07\/miniature-cartel-web-01-916x1024.jpg 916w, https:\/\/miniature.pintxos.eus\/wp-content\/uploads\/2025\/07\/miniature-cartel-web-01-768x858.jpg 768w, https:\/\/miniature.pintxos.eus\/wp-content\/uploads\/2025\/07\/miniature-cartel-web-01-600x671.jpg 600w\" sizes=\"(max-width: 1240px) 100vw, 1240px\" \/>\t\t\t\t\t\t\t\t\t\t\t\t\t\t\t<\/div>\n\t\t\t\t<\/div>\n\t\t\t\t<\/div>\n\t\t<div class=\"elementor-element elementor-element-6129be0 e-flex e-con-boxed e-con e-parent\" data-id=\"6129be0\" data-element_type=\"container\">\n\t\t\t\t\t<div class=\"e-con-inner\">\n\t\t<div class=\"elementor-element elementor-element-6fb379e e-flex e-con-boxed e-con e-child\" data-id=\"6fb379e\" data-element_type=\"container\">\n\t\t\t\t\t<div class=\"e-con-inner\">\n\t\t\t\t<div class=\"elementor-element elementor-element-b3a52e0 elementor-widget elementor-widget-heading\" data-id=\"b3a52e0\" data-element_type=\"widget\" data-widget_type=\"heading.default\">\n\t\t\t\t<div class=\"elementor-widget-container\">\n\t\t\t\t\t<h2 class=\"elementor-heading-title elementor-size-default\">ZER DA?<\/h2>\t\t\t\t<\/div>\n\t\t\t\t<\/div>\n\t\t\t\t<div class=\"elementor-element elementor-element-d44049d elementor-widget elementor-widget-text-editor\" data-id=\"d44049d\" data-element_type=\"widget\" data-widget_type=\"text-editor.default\">\n\t\t\t\t<div class=\"elementor-widget-container\">\n\t\t\t\t\t\t\t\t\t<p><strong>Miniature Kids<\/strong> familiako txikienentzat bereziki pentsatutako proposamen gastronomikoa da. Tailer interaktiboen bidez, haurrek sukaldaritzaren mundua modu dibertigarri eta sortzailean ezagutzen dute. Errezetak prestatzen eta elikadura osasungarriaren oinarriak ezagutzen ikasten dute, beren sorkuntzak dastatu eta partekatzeko aukera paregabea gozatzen duten bitartean.<\/p><p>Diziplina anitzeko profesional-talde baten babesa dugu. Aurreko edizioetan, izen handiko gonbidatuak aritu izan dira lankidetzan, hala nola <strong>Canal Cocina<\/strong>-ko Julius Bienert, Mario Palacios, Marcos Mendicuti eta <strong>MasterChef Junior<\/strong>-eko Carlos Navarro, Artepan-eko ogi-aditu Txema Pascual edo sukaldariak Mikel Fiestras eta Rub\u00e9n Gonz\u00e1lez.<\/p>\t\t\t\t\t\t\t\t<\/div>\n\t\t\t\t<\/div>\n\t\t\t\t\t<\/div>\n\t\t\t\t<\/div>\n\t\t<div class=\"elementor-element elementor-element-6cfa26c e-flex e-con-boxed e-con e-child\" data-id=\"6cfa26c\" data-element_type=\"container\">\n\t\t\t\t\t<div class=\"e-con-inner\">\n\t\t\t\t<div class=\"elementor-element elementor-element-73fcf9d elementor-widget elementor-widget-image\" data-id=\"73fcf9d\" data-element_type=\"widget\" data-widget_type=\"image.default\">\n\t\t\t\t<div class=\"elementor-widget-container\">\n\t\t\t\t\t\t\t\t\t\t\t\t\t\t\t<img decoding=\"async\" width=\"800\" height=\"534\" src=\"https:\/\/miniature.pintxos.eus\/wp-content\/uploads\/2025\/07\/Miniature-Domingo-77-1024x683.jpg\" class=\"attachment-large size-large wp-image-7738\" alt=\"\" srcset=\"https:\/\/miniature.pintxos.eus\/wp-content\/uploads\/2025\/07\/Miniature-Domingo-77-1024x683.jpg 1024w, https:\/\/miniature.pintxos.eus\/wp-content\/uploads\/2025\/07\/Miniature-Domingo-77-300x200.jpg 300w, https:\/\/miniature.pintxos.eus\/wp-content\/uploads\/2025\/07\/Miniature-Domingo-77-768x512.jpg 768w, https:\/\/miniature.pintxos.eus\/wp-content\/uploads\/2025\/07\/Miniature-Domingo-77-1536x1024.jpg 1536w, https:\/\/miniature.pintxos.eus\/wp-content\/uploads\/2025\/07\/Miniature-Domingo-77-600x400.jpg 600w, https:\/\/miniature.pintxos.eus\/wp-content\/uploads\/2025\/07\/Miniature-Domingo-77.jpg 1600w\" sizes=\"(max-width: 800px) 100vw, 800px\" \/>\t\t\t\t\t\t\t\t\t\t\t\t\t\t\t<\/div>\n\t\t\t\t<\/div>\n\t\t\t\t\t<\/div>\n\t\t\t\t<\/div>\n\t\t\t\t\t<\/div>\n\t\t\t\t<\/div>\n\t\t<div class=\"elementor-element elementor-element-36da369 e-flex e-con-boxed e-con e-parent\" data-id=\"36da369\" data-element_type=\"container\" data-settings=\"{&quot;background_background&quot;:&quot;classic&quot;}\">\n\t\t\t\t\t<div class=\"e-con-inner\">\n\t\t\t\t<div class=\"elementor-element elementor-element-4ce1236 elementor-widget elementor-widget-heading\" data-id=\"4ce1236\" data-element_type=\"widget\" data-widget_type=\"heading.default\">\n\t\t\t\t<div class=\"elementor-widget-container\">\n\t\t\t\t\t<h2 class=\"elementor-heading-title elementor-size-default\">Horrela izango da MINIATURE Kids 2025<\/h2>\t\t\t\t<\/div>\n\t\t\t\t<\/div>\n\t\t<div class=\"elementor-element elementor-element-4e263d7 e-con-full e-flex e-con e-child\" data-id=\"4e263d7\" data-element_type=\"container\">\n\t\t<div class=\"elementor-element elementor-element-7f266ab e-con-full e-flex e-con e-child\" data-id=\"7f266ab\" data-element_type=\"container\">\n\t\t\t\t<div class=\"elementor-element elementor-element-f883da0 elementor-position-inline-start elementor-view-default elementor-mobile-position-block-start elementor-widget elementor-widget-icon-box\" data-id=\"f883da0\" data-element_type=\"widget\" data-widget_type=\"icon-box.default\">\n\t\t\t\t<div class=\"elementor-widget-container\">\n\t\t\t\t\t\t\t<div class=\"elementor-icon-box-wrapper\">\n\n\t\t\t\t\t\t<div class=\"elementor-icon-box-icon\">\n\t\t\t\t<span  class=\"elementor-icon\">\n\t\t\t\t<i aria-hidden=\"true\" class=\"far fa-calendar-check\"><\/i>\t\t\t\t<\/span>\n\t\t\t<\/div>\n\t\t\t\n\t\t\t\t\t\t<div class=\"elementor-icon-box-content\">\n\n\t\t\t\t\t\t\t\t\t<h3 class=\"elementor-icon-box-title\">\n\t\t\t\t\t\t<span  >\n\t\t\t\t\t\t\tIrailaren 28a, igandea\t\t\t\t\t\t<\/span>\n\t\t\t\t\t<\/h3>\n\t\t\t\t\n\t\t\t\t\n\t\t\t<\/div>\n\t\t\t\n\t\t<\/div>\n\t\t\t\t\t\t<\/div>\n\t\t\t\t<\/div>\n\t\t\t\t<\/div>\n\t\t<div class=\"elementor-element elementor-element-c9c97c3 e-con-full e-flex e-con e-child\" data-id=\"c9c97c3\" data-element_type=\"container\">\n\t\t\t\t<div class=\"elementor-element elementor-element-bdd232e elementor-position-inline-start elementor-view-default elementor-mobile-position-block-start elementor-widget elementor-widget-icon-box\" data-id=\"bdd232e\" data-element_type=\"widget\" data-widget_type=\"icon-box.default\">\n\t\t\t\t<div class=\"elementor-widget-container\">\n\t\t\t\t\t\t\t<div class=\"elementor-icon-box-wrapper\">\n\n\t\t\t\t\t\t<div class=\"elementor-icon-box-icon\">\n\t\t\t\t<span  class=\"elementor-icon\">\n\t\t\t\t<i aria-hidden=\"true\" class=\"fas fa-clock\"><\/i>\t\t\t\t<\/span>\n\t\t\t<\/div>\n\t\t\t\n\t\t\t\t\t\t<div class=\"elementor-icon-box-content\">\n\n\t\t\t\t\t\t\t\t\t<h3 class=\"elementor-icon-box-title\">\n\t\t\t\t\t\t<span  >\n\t\t\t\t\t\t\tORDUTEGIA\t\t\t\t\t\t<\/span>\n\t\t\t\t\t<\/h3>\n\t\t\t\t\n\t\t\t\t\t\t\t\t\t<p class=\"elementor-icon-box-description\">\n\t\t\t\t\t\tHASIERA: 18:00etan\n<br>\n\t\t\t\t\t<\/p>\n\t\t\t\t\n\t\t\t<\/div>\n\t\t\t\n\t\t<\/div>\n\t\t\t\t\t\t<\/div>\n\t\t\t\t<\/div>\n\t\t\t\t<\/div>\n\t\t<div class=\"elementor-element elementor-element-4c6b697 e-con-full e-flex e-con e-child\" data-id=\"4c6b697\" data-element_type=\"container\">\n\t\t\t\t<div class=\"elementor-element elementor-element-31d1c5a elementor-position-inline-start elementor-view-default elementor-mobile-position-block-start elementor-widget elementor-widget-icon-box\" data-id=\"31d1c5a\" data-element_type=\"widget\" data-widget_type=\"icon-box.default\">\n\t\t\t\t<div class=\"elementor-widget-container\">\n\t\t\t\t\t\t\t<div class=\"elementor-icon-box-wrapper\">\n\n\t\t\t\t\t\t<div class=\"elementor-icon-box-icon\">\n\t\t\t\t<span  class=\"elementor-icon\">\n\t\t\t\t<i aria-hidden=\"true\" class=\"fas fa-map-marker-alt\"><\/i>\t\t\t\t<\/span>\n\t\t\t<\/div>\n\t\t\t\n\t\t\t\t\t\t<div class=\"elementor-icon-box-content\">\n\n\t\t\t\t\t\t\t\t\t<h3 class=\"elementor-icon-box-title\">\n\t\t\t\t\t\t<span  >\n\t\t\t\t\t\t\tMerkatu Plaza (Gasteiz)\t\t\t\t\t\t<\/span>\n\t\t\t\t\t<\/h3>\n\t\t\t\t\n\t\t\t\t\n\t\t\t<\/div>\n\t\t\t\n\t\t<\/div>\n\t\t\t\t\t\t<\/div>\n\t\t\t\t<\/div>\n\t\t\t\t<\/div>\n\t\t\t\t<\/div>\n\t\t\t\t<div class=\"elementor-element elementor-element-1a53b0d elementor-align-center elementor-widget elementor-widget-button\" data-id=\"1a53b0d\" data-element_type=\"widget\" data-widget_type=\"button.default\">\n\t\t\t\t<div class=\"elementor-widget-container\">\n\t\t\t\t\t\t\t\t\t<div class=\"elementor-button-wrapper\">\n\t\t\t\t\t<a class=\"elementor-button elementor-button-link elementor-size-sm\" href=\"https:\/\/miniature.pintxos.eus\/etn\/miniature-kids-vitoria-2025\/\">\n\t\t\t\t\t\t<span class=\"elementor-button-content-wrapper\">\n\t\t\t\t\t\t<span class=\"elementor-button-icon\">\n\t\t\t\t<i aria-hidden=\"true\" class=\"fas fa-ticket-alt\"><\/i>\t\t\t<\/span>\n\t\t\t\t\t\t\t\t\t<span class=\"elementor-button-text\">ERRESERBA EZAZU ZURE TOKIA<\/span>\n\t\t\t\t\t<\/span>\n\t\t\t\t\t<\/a>\n\t\t\t\t<\/div>\n\t\t\t\t\t\t\t\t<\/div>\n\t\t\t\t<\/div>\n\t\t\t\t\t<\/div>\n\t\t\t\t<\/div>\n\t\t<div class=\"elementor-element elementor-element-81fe21c elementor-hidden-desktop elementor-hidden-tablet elementor-hidden-mobile e-flex e-con-boxed e-con e-parent\" data-id=\"81fe21c\" data-element_type=\"container\">\n\t\t\t\t\t<div class=\"e-con-inner\">\n\t\t<div class=\"elementor-element elementor-element-a5b5fd7 e-con-full e-flex e-con e-child\" data-id=\"a5b5fd7\" data-element_type=\"container\">\n\t\t\t\t<div class=\"elementor-element elementor-element-250c707 elementor-widget elementor-widget-heading\" data-id=\"250c707\" data-element_type=\"widget\" data-widget_type=\"heading.default\">\n\t\t\t\t<div class=\"elementor-widget-container\">\n\t\t\t\t\t<h2 class=\"elementor-heading-title elementor-size-default\">M\u00c1S INFORMACI\u00d3N<\/h2>\t\t\t\t<\/div>\n\t\t\t\t<\/div>\n\t\t\t\t<\/div>\n\t\t<div class=\"elementor-element elementor-element-8f8a8ce e-con-full e-flex e-con e-child\" data-id=\"8f8a8ce\" data-element_type=\"container\">\n\t\t<div class=\"elementor-element elementor-element-32313df e-con-full e-flex e-con e-child\" data-id=\"32313df\" data-element_type=\"container\">\n\t\t\t\t<div class=\"elementor-element elementor-element-2faea33 elementor-arrows-position-inside elementor-pagination-position-outside elementor-widget elementor-widget-image-carousel\" data-id=\"2faea33\" data-element_type=\"widget\" data-settings=\"{&quot;slides_to_show&quot;:&quot;1&quot;,&quot;navigation&quot;:&quot;both&quot;,&quot;autoplay&quot;:&quot;yes&quot;,&quot;pause_on_hover&quot;:&quot;yes&quot;,&quot;pause_on_interaction&quot;:&quot;yes&quot;,&quot;autoplay_speed&quot;:5000,&quot;infinite&quot;:&quot;yes&quot;,&quot;effect&quot;:&quot;slide&quot;,&quot;speed&quot;:500}\" data-widget_type=\"image-carousel.default\">\n\t\t\t\t<div class=\"elementor-widget-container\">\n\t\t\t\t\t\t\t<div class=\"elementor-image-carousel-wrapper swiper\" role=\"region\" aria-roledescription=\"carousel\" aria-label=\"Carrusel de im\u00e1genes\" dir=\"ltr\">\n\t\t\t<div class=\"elementor-image-carousel swiper-wrapper\" aria-live=\"off\">\n\t\t\t\t\t\t\t\t<div class=\"swiper-slide\" role=\"group\" aria-roledescription=\"slide\" aria-label=\"1 of 9\"><figure class=\"swiper-slide-inner\"><img decoding=\"async\" class=\"swiper-slide-image\" src=\"https:\/\/miniature.pintxos.eus\/wp-content\/uploads\/2024\/09\/miniature-kids-2023-05-MINIATURE-IMG_4213_.jpg\" alt=\"miniature-kids-2023-05 MINIATURE IMG_4213_\" \/><\/figure><\/div><div class=\"swiper-slide\" role=\"group\" aria-roledescription=\"slide\" aria-label=\"2 of 9\"><figure class=\"swiper-slide-inner\"><img decoding=\"async\" class=\"swiper-slide-image\" src=\"https:\/\/miniature.pintxos.eus\/wp-content\/uploads\/2024\/09\/miniature-kids-2023-13-MINIATURE-IMG_4231_.jpg\" alt=\"miniature-kids-2023-13 MINIATURE IMG_4231_\" \/><\/figure><\/div><div class=\"swiper-slide\" role=\"group\" aria-roledescription=\"slide\" aria-label=\"3 of 9\"><figure class=\"swiper-slide-inner\"><img decoding=\"async\" class=\"swiper-slide-image\" src=\"https:\/\/miniature.pintxos.eus\/wp-content\/uploads\/2024\/09\/miniature-kids-2023-19-MINIATURE-IMG_4245_.jpg\" alt=\"miniature-kids-2023-19 MINIATURE IMG_4245_\" \/><\/figure><\/div><div class=\"swiper-slide\" role=\"group\" aria-roledescription=\"slide\" aria-label=\"4 of 9\"><figure class=\"swiper-slide-inner\"><img decoding=\"async\" class=\"swiper-slide-image\" src=\"https:\/\/miniature.pintxos.eus\/wp-content\/uploads\/2024\/09\/miniature-kids-2023-26-MINIATURE-IMG_4264_.jpg\" alt=\"miniature-kids-2023-26 MINIATURE IMG_4264_\" \/><\/figure><\/div><div class=\"swiper-slide\" role=\"group\" aria-roledescription=\"slide\" aria-label=\"5 of 9\"><figure class=\"swiper-slide-inner\"><img decoding=\"async\" class=\"swiper-slide-image\" src=\"https:\/\/miniature.pintxos.eus\/wp-content\/uploads\/2024\/09\/miniature-kids-2023-34-MINIATURE-IMG_4294_.jpg\" alt=\"miniature-kids-2023-34 MINIATURE IMG_4294_\" \/><\/figure><\/div><div class=\"swiper-slide\" role=\"group\" aria-roledescription=\"slide\" aria-label=\"6 of 9\"><figure class=\"swiper-slide-inner\"><img decoding=\"async\" class=\"swiper-slide-image\" src=\"https:\/\/miniature.pintxos.eus\/wp-content\/uploads\/2024\/09\/miniature-kids-2023-37-MINIATURE-IMG_4303_.jpg\" alt=\"miniature-kids-2023-37 MINIATURE IMG_4303_\" \/><\/figure><\/div><div class=\"swiper-slide\" role=\"group\" aria-roledescription=\"slide\" aria-label=\"7 of 9\"><figure class=\"swiper-slide-inner\"><img decoding=\"async\" class=\"swiper-slide-image\" src=\"https:\/\/miniature.pintxos.eus\/wp-content\/uploads\/2024\/09\/miniature-kids-2023-45-MINIATURE-IMG_4320_.jpg\" alt=\"miniature-kids-2023-45 MINIATURE IMG_4320_\" \/><\/figure><\/div><div class=\"swiper-slide\" role=\"group\" aria-roledescription=\"slide\" aria-label=\"8 of 9\"><figure class=\"swiper-slide-inner\"><img decoding=\"async\" class=\"swiper-slide-image\" src=\"https:\/\/miniature.pintxos.eus\/wp-content\/uploads\/2024\/09\/miniature-kids-2023-56-MINIATURE-IMG_4341_.jpg\" alt=\"miniature-kids-2023-56 MINIATURE IMG_4341_\" \/><\/figure><\/div><div class=\"swiper-slide\" role=\"group\" aria-roledescription=\"slide\" aria-label=\"9 of 9\"><figure class=\"swiper-slide-inner\"><img decoding=\"async\" class=\"swiper-slide-image\" src=\"https:\/\/miniature.pintxos.eus\/wp-content\/uploads\/2024\/09\/miniature-kids-2023-59-MINIATURE-IMG_4347_.jpg\" alt=\"miniature-kids-2023-59 MINIATURE IMG_4347_\" \/><\/figure><\/div>\t\t\t<\/div>\n\t\t\t\t\t\t\t\t\t\t\t\t<div class=\"elementor-swiper-button elementor-swiper-button-prev\" role=\"button\" tabindex=\"0\">\n\t\t\t\t\t\t<i aria-hidden=\"true\" class=\"eicon-chevron-left\"><\/i>\t\t\t\t\t<\/div>\n\t\t\t\t\t<div class=\"elementor-swiper-button elementor-swiper-button-next\" role=\"button\" tabindex=\"0\">\n\t\t\t\t\t\t<i aria-hidden=\"true\" class=\"eicon-chevron-right\"><\/i>\t\t\t\t\t<\/div>\n\t\t\t\t\n\t\t\t\t\t\t\t\t\t<div class=\"swiper-pagination\"><\/div>\n\t\t\t\t\t\t\t\t\t<\/div>\n\t\t\t\t\t\t<\/div>\n\t\t\t\t<\/div>\n\t\t\t\t<\/div>\n\t\t<div class=\"elementor-element elementor-element-f70e3b7 e-con-full e-flex e-con e-child\" data-id=\"f70e3b7\" data-element_type=\"container\">\n\t\t\t\t<div class=\"elementor-element elementor-element-caf93a0 elementor-widget elementor-widget-shortcode\" data-id=\"caf93a0\" data-element_type=\"widget\" data-widget_type=\"shortcode.default\">\n\t\t\t\t<div class=\"elementor-widget-container\">\n\t\t\t\t\t        <div class=\"etn-sidebar\">\n                        <div class=\"etn-event-meta-info etn-widget\">\n                <ul>\n\t\t\t\t\t                        <li>\n\t\t\t\t\t\t\t\t\t\t\t\t\t\t\t<span> Date : <\/span>\n\t\t\t\t\t\t\t28\/09\/2025\t\t\t\t\t\t\t                        <\/li>\n\t\t\t\t\t\t\t\t\t\t\t                        <li>\n                            <span>Time : <\/span>\n\t\t\t\t\t\t\t18:00 - 20:00                            <span class=\"etn-event-timezone\">\n                                                            (Europe\/Madrid)\n\t                                                    <\/span>\n                        <\/li>\n\t\t\t\t\t\t\t\t\t\t\t\n\t\t\t\t\t                        <li>\n                            <span>Venue : <\/span>\n\t\t\t\t\t\t\tMercado de Abastos de Vitoria-Gasteiz                        <\/li>\n\t\t\t\t\t\t\t\t\t\t\t                <\/ul>\n\t\t\t\t            <\/div>\n\t\t\t\t        <\/div>\n        \t\t<div class=\"elementor-shortcode\"><\/div>\n\t\t\t\t\t\t<\/div>\n\t\t\t\t<\/div>\n\t\t\t\t<div class=\"elementor-element elementor-element-02b9395 elementor-widget elementor-widget-text-editor\" data-id=\"02b9395\" data-element_type=\"widget\" data-widget_type=\"text-editor.default\">\n\t\t\t\t<div class=\"elementor-widget-container\">\n\t\t\t\t\t\t\t\t\t<ul><li>Aforo m\u00e1ximo: 100 asistentes.<\/li><li>Edad: entre 6 y 12 a\u00f1os, incluidos.<\/li><li>Se acredita, entrega de delantal y gorro y se toma su dato para el diploma.<\/li><li>La din\u00e1mica es juntando a los ni\u00f1os y ni\u00f1as en grupos de ocho. Cada uno contar\u00e1 con la tutela de un chef.<\/li><li>La clase comenzar\u00e1 con un juego\/b\u00fasqueda del tesoro con pruebas relacionadas con la gastronom\u00eda y el mundo del pintxo en particular. Tendr\u00e1n que conseguir los ingredientes.<\/li><li>Cada participante recibir\u00e1 su diploma Miniature Kids<\/li><\/ul>\t\t\t\t\t\t\t\t<\/div>\n\t\t\t\t<\/div>\n\t\t\t\t<div class=\"elementor-element elementor-element-3ac48a0 elementor-widget elementor-widget-button\" data-id=\"3ac48a0\" data-element_type=\"widget\" data-widget_type=\"button.default\">\n\t\t\t\t<div class=\"elementor-widget-container\">\n\t\t\t\t\t\t\t\t\t<div class=\"elementor-button-wrapper\">\n\t\t\t\t\t<a class=\"elementor-button elementor-button-link elementor-size-sm\" href=\"https:\/\/miniature.pintxos.eus\/etn\/miniature-kids-2024\/\">\n\t\t\t\t\t\t<span class=\"elementor-button-content-wrapper\">\n\t\t\t\t\t\t<span class=\"elementor-button-icon\">\n\t\t\t\t<i aria-hidden=\"true\" class=\"fas fa-ticket-alt\"><\/i>\t\t\t<\/span>\n\t\t\t\t\t\t\t\t\t<span class=\"elementor-button-text\">RESERVA TU PLAZA<\/span>\n\t\t\t\t\t<\/span>\n\t\t\t\t\t<\/a>\n\t\t\t\t<\/div>\n\t\t\t\t\t\t\t\t<\/div>\n\t\t\t\t<\/div>\n\t\t\t\t<\/div>\n\t\t\t\t<\/div>\n\t\t\t\t\t<\/div>\n\t\t\t\t<\/div>\n\t\t\t\t<\/div>\n\t\t","protected":false},"excerpt":{"rendered":"<p>ZER DA? Miniature Kids familiako txikienentzat bereziki pentsatutako proposamen gastronomikoa da. Tailer interaktiboen bidez, haurrek sukaldaritzaren mundua modu dibertigarri eta sortzailean ezagutzen dute. Errezetak prestatzen eta elikadura osasungarriaren oinarriak ezagutzen ikasten dute, beren sorkuntzak dastatu eta partekatzeko aukera paregabea gozatzen duten bitartean. Diziplina anitzeko profesional-talde baten babesa dugu. Aurreko edizioetan, izen handiko gonbidatuak aritu izan [&hellip;]<\/p>\n","protected":false},"author":6,"featured_media":0,"parent":0,"menu_order":0,"comment_status":"closed","ping_status":"closed","template":"","meta":{"footnotes":""},"class_list":["post-7872","page","type-page","status-publish","hentry"],"_links":{"self":[{"href":"https:\/\/miniature.pintxos.eus\/eu\/wp-json\/wp\/v2\/pages\/7872","targetHints":{"allow":["GET"]}}],"collection":[{"href":"https:\/\/miniature.pintxos.eus\/eu\/wp-json\/wp\/v2\/pages"}],"about":[{"href":"https:\/\/miniature.pintxos.eus\/eu\/wp-json\/wp\/v2\/types\/page"}],"author":[{"embeddable":true,"href":"https:\/\/miniature.pintxos.eus\/eu\/wp-json\/wp\/v2\/users\/6"}],"replies":[{"embeddable":true,"href":"https:\/\/miniature.pintxos.eus\/eu\/wp-json\/wp\/v2\/comments?post=7872"}],"version-history":[{"count":6,"href":"https:\/\/miniature.pintxos.eus\/eu\/wp-json\/wp\/v2\/pages\/7872\/revisions"}],"predecessor-version":[{"id":8091,"href":"https:\/\/miniature.pintxos.eus\/eu\/wp-json\/wp\/v2\/pages\/7872\/revisions\/8091"}],"wp:attachment":[{"href":"https:\/\/miniature.pintxos.eus\/eu\/wp-json\/wp\/v2\/media?parent=7872"}],"curies":[{"name":"wp","href":"https:\/\/api.w.org\/{rel}","templated":true}]}}